{"id":5004,"date":"2022-06-17T14:42:26","date_gmt":"2022-06-17T14:42:26","guid":{"rendered":"https:\/\/leclosducerf.com\/eigentum\/"},"modified":"2024-10-07T09:59:17","modified_gmt":"2024-10-07T09:59:17","slug":"eigentum","status":"publish","type":"page","link":"https:\/\/leclosducerf.com\/de\/eigentum\/","title":{"rendered":"Eigentum"},"content":{"rendered":"\t\t<div data-elementor-type=\"wp-page\" data-elementor-id=\"5004\" class=\"elementor elementor-5004 elementor-15\" data-elementor-post-type=\"page\">\n\t\t\t\t\t\t<section class=\"ob-is-breaking-bad elementor-section elementor-top-section elementor-element elementor-element-203c2c6 elementor-section-full_width elementor-section-height-default elementor-section-height-default\" data-id=\"203c2c6\" data-element_type=\"section\" data-e-type=\"section\" data-settings=\"{&quot;_ob_bbad_use_it&quot;:&quot;yes&quot;,&quot;_ob_bbad_sssic_use&quot;:&quot;no&quot;,&quot;_ob_glider_is_slider&quot;:&quot;no&quot;}\">\n\t\t\t\t\t\t<div class=\"elementor-container elementor-column-gap-no\">\n\t\t\t\t\t<div class=\"elementor-column elementor-col-100 elementor-top-column elementor-element elementor-element-5d6499e\" data-id=\"5d6499e\" data-element_type=\"column\" data-e-type=\"column\" data-settings=\"{&quot;_ob_bbad_is_stalker&quot;:&quot;no&quot;,&quot;_ob_teleporter_use&quot;:false,&quot;_ob_column_hoveranimator&quot;:&quot;no&quot;,&quot;_ob_column_has_pseudo&quot;:&quot;no&quot;}\">\n\t\t\t<div class=\"elementor-widget-wrap elementor-element-populated\">\n\t\t\t\t\t\t<div class=\"elementor-element elementor-element-882899e ob-has-background-overlay elementor-widget elementor-widget-image\" data-id=\"882899e\" data-element_type=\"widget\" data-e-type=\"widget\" data-settings=\"{&quot;_ob_photomorph_use&quot;:&quot;no&quot;,&quot;_ob_perspektive_use&quot;:&quot;no&quot;,&quot;_ob_poopart_use&quot;:&quot;yes&quot;,&quot;_ob_shadough_use&quot;:&quot;no&quot;,&quot;_ob_allow_hoveranimator&quot;:&quot;no&quot;,&quot;_ob_widget_stalker_use&quot;:&quot;no&quot;}\" data-widget_type=\"image.default\">\n\t\t\t\t<div class=\"elementor-widget-container\">\n\t\t\t\t\t\t\t\t\t\t\t\t\t\t\t<img fetchpriority=\"high\" decoding=\"async\" width=\"2048\" height=\"1381\" src=\"https:\/\/leclosducerf.com\/wp-content\/uploads\/2023\/02\/P1-1.jpg\" class=\"attachment-full size-full wp-image-4804\" alt=\"\" srcset=\"https:\/\/leclosducerf.com\/wp-content\/uploads\/2023\/02\/P1-1.jpg 2048w, https:\/\/leclosducerf.com\/wp-content\/uploads\/2023\/02\/P1-1-300x202.jpg 300w, https:\/\/leclosducerf.com\/wp-content\/uploads\/2023\/02\/P1-1-1024x691.jpg 1024w, https:\/\/leclosducerf.com\/wp-content\/uploads\/2023\/02\/P1-1-768x518.jpg 768w, https:\/\/leclosducerf.com\/wp-content\/uploads\/2023\/02\/P1-1-1536x1036.jpg 1536w\" sizes=\"(max-width: 2048px) 100vw, 2048px\" \/>\t\t\t\t\t\t\t\t\t\t\t\t\t\t\t<\/div>\n\t\t\t\t<\/div>\n\t\t\t\t\t<\/div>\n\t\t<\/div>\n\t\t\t\t\t<\/div>\n\t\t<\/section>\n\t\t\t\t<section class=\"ob-is-breaking-bad elementor-section elementor-top-section elementor-element elementor-element-f5c7043 elementor-section-full_width elementor-section-height-default elementor-section-height-default\" data-id=\"f5c7043\" data-element_type=\"section\" data-e-type=\"section\" data-settings=\"{&quot;_ob_bbad_use_it&quot;:&quot;yes&quot;,&quot;_ob_bbad_sssic_use&quot;:&quot;no&quot;,&quot;_ob_glider_is_slider&quot;:&quot;no&quot;}\">\n\t\t\t\t\t\t<div class=\"elementor-container elementor-column-gap-no\">\n\t\t\t\t\t<div class=\"elementor-column elementor-col-50 elementor-top-column elementor-element elementor-element-77a1077\" data-id=\"77a1077\" data-element_type=\"column\" data-e-type=\"column\" data-settings=\"{&quot;_ob_bbad_is_stalker&quot;:&quot;no&quot;,&quot;_ob_teleporter_use&quot;:false,&quot;_ob_column_hoveranimator&quot;:&quot;no&quot;,&quot;_ob_column_has_pseudo&quot;:&quot;no&quot;}\">\n\t\t\t<div class=\"elementor-widget-wrap elementor-element-populated\">\n\t\t\t\t\t\t<div class=\"elementor-element elementor-element-5dc5944 elementor-widget-divider--view-line_text elementor-widget-divider--element-align-center ob-has-background-overlay elementor-widget elementor-widget-divider\" data-id=\"5dc5944\" data-element_type=\"widget\" data-e-type=\"widget\" data-settings=\"{&quot;_ob_perspektive_use&quot;:&quot;no&quot;,&quot;_ob_poopart_use&quot;:&quot;yes&quot;,&quot;_ob_shadough_use&quot;:&quot;no&quot;,&quot;_ob_allow_hoveranimator&quot;:&quot;no&quot;,&quot;_ob_widget_stalker_use&quot;:&quot;no&quot;}\" data-widget_type=\"divider.default\">\n\t\t\t\t<div class=\"elementor-widget-container\">\n\t\t\t\t\t\t\t<div class=\"elementor-divider\">\n\t\t\t<span class=\"elementor-divider-separator\">\n\t\t\t\t\t\t\t<h1 class=\"elementor-divider__text elementor-divider__element\">\n\t\t\t\tDas Eigentum\t\t\t\t<\/h1>\n\t\t\t\t\t\t<\/span>\n\t\t<\/div>\n\t\t\t\t\t\t<\/div>\n\t\t\t\t<\/div>\n\t\t\t\t<div class=\"elementor-element elementor-element-5ba54a7 ob-harakiri-inherit ob-has-background-overlay elementor-widget elementor-widget-text-editor\" data-id=\"5ba54a7\" data-element_type=\"widget\" data-e-type=\"widget\" data-settings=\"{&quot;_ob_use_harakiri&quot;:&quot;yes&quot;,&quot;_ob_harakiri_writing_mode&quot;:&quot;inherit&quot;,&quot;_ob_postman_use&quot;:&quot;no&quot;,&quot;_ob_perspektive_use&quot;:&quot;no&quot;,&quot;_ob_poopart_use&quot;:&quot;yes&quot;,&quot;_ob_shadough_use&quot;:&quot;no&quot;,&quot;_ob_allow_hoveranimator&quot;:&quot;no&quot;,&quot;_ob_widget_stalker_use&quot;:&quot;no&quot;}\" data-widget_type=\"text-editor.default\">\n\t\t\t\t<div class=\"elementor-widget-container\">\n\t\t\t\t\t\t\t\t\t<p>Le Clos du Cerf ist ein sicherer und ruhiger Zufluchtsort, an dem Sie sich bei einem Urlaub in den Ardennen buchst\u00e4blich erholen k\u00f6nnen.<\/p>\n\t\t\t\t\t\t\t\t<\/div>\n\t\t\t\t<\/div>\n\t\t\t\t<div class=\"elementor-element elementor-element-9c31188 elementor-cta--skin-classic elementor-animated-content ob-has-background-overlay elementor-widget elementor-widget-call-to-action\" data-id=\"9c31188\" data-element_type=\"widget\" data-e-type=\"widget\" data-settings=\"{&quot;_ob_perspektive_use&quot;:&quot;no&quot;,&quot;_ob_poopart_use&quot;:&quot;yes&quot;,&quot;_ob_shadough_use&quot;:&quot;no&quot;,&quot;_ob_allow_hoveranimator&quot;:&quot;no&quot;,&quot;_ob_widget_stalker_use&quot;:&quot;no&quot;}\" data-widget_type=\"call-to-action.default\">\n\t\t\t\t<div class=\"elementor-widget-container\">\n\t\t\t\t\t\t\t<div class=\"elementor-cta\">\n\t\t\t\t\t<div class=\"elementor-cta__bg-wrapper\">\n\t\t\t\t<div class=\"elementor-cta__bg elementor-bg\" style=\"background-image: url(https:\/\/leclosducerf.com\/wp-content\/uploads\/2024\/10\/451496411_1268528181202015_2000837186335009048_n-1.jpg);\" role=\"img\" aria-label=\"451496411_1268528181202015_2000837186335009048_n\"><\/div>\n\t\t\t\t<div class=\"elementor-cta__bg-overlay\"><\/div>\n\t\t\t<\/div>\n\t\t\t\t\t\t\t<div class=\"elementor-cta__content\">\n\t\t\t\t\n\t\t\t\t\n\t\t\t\t\t\t\t\t\t<div class=\"elementor-cta__description elementor-cta__content-item elementor-content-item\">\n\t\t\t\t\t\t<p>Faulenzen Sie am beheizten Swimmingpool (8 x 4 m) in einer au\u00dfergew\u00f6hnlichen Umgebung, die vom Gesang der V\u00f6gel umrahmt wird.<\/p>\n<p>Da sie sich im Naturpark Les Sources befinden, k\u00f6nnen Sie :<\/p>\n<ul>\n<li>Unser Wasser aus der Quelle genie\u00dfen.<\/li>\n<li> Sich an einem ruhigen Ort ausruhen.<\/li>\n<li> Mittagessen mit Vogelgezwitscher.<\/li>\n<li> Beobachten: Bussard und Rotmilan, Eichelh\u00e4her, Amseln, Drosseln, Meisen, Wild, Schmetterlinge, Eichh\u00f6rnchen.<\/li>\n<\/ul>\n<p>\nWir beraten Sie gerne bei Ihren Spazierg\u00e4ngen. Wir werden Ihnen f\u00fcr alle Ihre Besuche die Geheimtipps der Region nennen.<\/p>\n\t\t\t\t\t<\/div>\n\t\t\t\t\n\t\t\t\t\t\t\t<\/div>\n\t\t\t\t\t\t<\/div>\n\t\t\t\t\t\t<\/div>\n\t\t\t\t<\/div>\n\t\t\t\t\t<\/div>\n\t\t<\/div>\n\t\t\t\t<div class=\"elementor-column elementor-col-50 elementor-top-column elementor-element elementor-element-24a8094\" data-id=\"24a8094\" data-element_type=\"column\" data-e-type=\"column\" data-settings=\"{&quot;_ob_bbad_is_stalker&quot;:&quot;no&quot;,&quot;_ob_teleporter_use&quot;:false,&quot;_ob_column_hoveranimator&quot;:&quot;no&quot;,&quot;_ob_column_has_pseudo&quot;:&quot;no&quot;}\">\n\t\t\t<div class=\"elementor-widget-wrap elementor-element-populated\">\n\t\t\t\t\t\t<div class=\"elementor-element elementor-element-4159002 ob-has-background-overlay elementor-widget elementor-widget-image\" data-id=\"4159002\" data-element_type=\"widget\" data-e-type=\"widget\" data-settings=\"{&quot;_ob_photomorph_use&quot;:&quot;no&quot;,&quot;_ob_perspektive_use&quot;:&quot;no&quot;,&quot;_ob_poopart_use&quot;:&quot;yes&quot;,&quot;_ob_shadough_use&quot;:&quot;no&quot;,&quot;_ob_allow_hoveranimator&quot;:&quot;no&quot;,&quot;_ob_widget_stalker_use&quot;:&quot;no&quot;}\" data-widget_type=\"image.default\">\n\t\t\t\t<div class=\"elementor-widget-container\">\n\t\t\t\t\t\t\t\t\t\t\t\t\t\t\t<img decoding=\"async\" width=\"766\" height=\"1024\" src=\"https:\/\/leclosducerf.com\/wp-content\/uploads\/2022\/06\/280352455_375397454375712_7927495588189827619_n-scaled-1-766x1024.jpg\" class=\"attachment-large size-large wp-image-4480\" alt=\"\" srcset=\"https:\/\/leclosducerf.com\/wp-content\/uploads\/2022\/06\/280352455_375397454375712_7927495588189827619_n-scaled-1-766x1024.jpg 766w, https:\/\/leclosducerf.com\/wp-content\/uploads\/2022\/06\/280352455_375397454375712_7927495588189827619_n-scaled-1-224x300.jpg 224w, https:\/\/leclosducerf.com\/wp-content\/uploads\/2022\/06\/280352455_375397454375712_7927495588189827619_n-scaled-1-768x1027.jpg 768w, https:\/\/leclosducerf.com\/wp-content\/uploads\/2022\/06\/280352455_375397454375712_7927495588189827619_n-scaled-1-1149x1536.jpg 1149w, https:\/\/leclosducerf.com\/wp-content\/uploads\/2022\/06\/280352455_375397454375712_7927495588189827619_n-scaled-1-1532x2048.jpg 1532w, https:\/\/leclosducerf.com\/wp-content\/uploads\/2022\/06\/280352455_375397454375712_7927495588189827619_n-scaled-1.jpg 1915w\" sizes=\"(max-width: 766px) 100vw, 766px\" \/>\t\t\t\t\t\t\t\t\t\t\t\t\t\t\t<\/div>\n\t\t\t\t<\/div>\n\t\t\t\t\t<\/div>\n\t\t<\/div>\n\t\t\t\t\t<\/div>\n\t\t<\/section>\n\t\t\t\t<section class=\"ob-is-breaking-bad elementor-section elementor-top-section elementor-element elementor-element-a34cfb6 elementor-section-full_width elementor-section-height-default elementor-section-height-default\" data-id=\"a34cfb6\" data-element_type=\"section\" data-e-type=\"section\" data-settings=\"{&quot;_ob_bbad_use_it&quot;:&quot;yes&quot;,&quot;_ob_bbad_sssic_use&quot;:&quot;no&quot;,&quot;_ob_glider_is_slider&quot;:&quot;no&quot;}\">\n\t\t\t\t\t\t<div class=\"elementor-container elementor-column-gap-no\">\n\t\t\t\t\t<div class=\"elementor-column elementor-col-100 elementor-top-column elementor-element elementor-element-6a3b200\" data-id=\"6a3b200\" data-element_type=\"column\" data-e-type=\"column\" data-settings=\"{&quot;_ob_bbad_is_stalker&quot;:&quot;no&quot;,&quot;_ob_teleporter_use&quot;:false,&quot;_ob_column_hoveranimator&quot;:&quot;no&quot;,&quot;_ob_column_has_pseudo&quot;:&quot;no&quot;}\">\n\t\t\t<div class=\"elementor-widget-wrap elementor-element-populated\">\n\t\t\t\t\t\t<div class=\"elementor-element elementor-element-b903d35 ob-has-background-overlay elementor-widget elementor-widget-gallery\" data-id=\"b903d35\" data-element_type=\"widget\" data-e-type=\"widget\" data-settings=\"{&quot;gap&quot;:{&quot;unit&quot;:&quot;px&quot;,&quot;size&quot;:0,&quot;sizes&quot;:[]},&quot;gap_tablet&quot;:{&quot;unit&quot;:&quot;px&quot;,&quot;size&quot;:0,&quot;sizes&quot;:[]},&quot;gap_mobile&quot;:{&quot;unit&quot;:&quot;px&quot;,&quot;size&quot;:0,&quot;sizes&quot;:[]},&quot;aspect_ratio&quot;:&quot;1:1&quot;,&quot;lazyload&quot;:&quot;yes&quot;,&quot;gallery_layout&quot;:&quot;grid&quot;,&quot;columns&quot;:4,&quot;columns_tablet&quot;:2,&quot;columns_mobile&quot;:1,&quot;content_hover_animation&quot;:&quot;fade-in&quot;,&quot;_ob_perspektive_use&quot;:&quot;no&quot;,&quot;_ob_poopart_use&quot;:&quot;yes&quot;,&quot;_ob_shadough_use&quot;:&quot;no&quot;,&quot;_ob_allow_hoveranimator&quot;:&quot;no&quot;,&quot;_ob_widget_stalker_use&quot;:&quot;no&quot;}\" data-widget_type=\"gallery.default\">\n\t\t\t\t<div class=\"elementor-widget-container\">\n\t\t\t\t\t\t\t<div class=\"elementor-gallery__container\">\n\t\t\t\t\t\t\t<div class=\"e-gallery-item elementor-gallery-item elementor-animated-content\">\n\t\t\t\t\t<div class=\"e-gallery-image elementor-gallery-item__image\" data-thumbnail=\"https:\/\/leclosducerf.com\/wp-content\/uploads\/2022\/06\/IMG_7390-scaled.jpg\" data-width=\"768\" data-height=\"512\" aria-label=\"\" role=\"img\" ><\/div>\n\t\t\t\t\t\t\t\t\t\t\t\t\t\t<\/div>\n\t\t\t\t\t\t\t<div class=\"e-gallery-item elementor-gallery-item elementor-animated-content\">\n\t\t\t\t\t<div class=\"e-gallery-image elementor-gallery-item__image\" data-thumbnail=\"https:\/\/leclosducerf.com\/wp-content\/uploads\/2022\/06\/IMG_7399-scaled.jpg\" data-width=\"768\" data-height=\"512\" aria-label=\"\" role=\"img\" ><\/div>\n\t\t\t\t\t\t\t\t\t\t\t\t\t\t<\/div>\n\t\t\t\t\t\t\t<div class=\"e-gallery-item elementor-gallery-item elementor-animated-content\">\n\t\t\t\t\t<div class=\"e-gallery-image elementor-gallery-item__image\" data-thumbnail=\"https:\/\/leclosducerf.com\/wp-content\/uploads\/2022\/06\/IMG_5207-scaled.jpg\" data-width=\"768\" data-height=\"512\" aria-label=\"\" role=\"img\" ><\/div>\n\t\t\t\t\t\t\t\t\t\t\t\t\t\t<\/div>\n\t\t\t\t\t\t\t<div class=\"e-gallery-item elementor-gallery-item elementor-animated-content\">\n\t\t\t\t\t<div class=\"e-gallery-image elementor-gallery-item__image\" data-thumbnail=\"https:\/\/leclosducerf.com\/wp-content\/uploads\/2022\/06\/IMG_7384-scaled.jpg\" data-width=\"768\" data-height=\"1152\" aria-label=\"\" role=\"img\" ><\/div>\n\t\t\t\t\t\t\t\t\t\t\t\t\t\t<\/div>\n\t\t\t\t\t<\/div>\n\t\t\t\t\t<\/div>\n\t\t\t\t<\/div>\n\t\t\t\t\t<\/div>\n\t\t<\/div>\n\t\t\t\t\t<\/div>\n\t\t<\/section>\n\t\t\t\t<\/div>\n\t\t","protected":false},"excerpt":{"rendered":"<p>Das Eigentum Le Clos du Cerf ist ein sicherer und ruhiger Zufluchtsort, an dem Sie sich bei einem Urlaub in den Ardennen buchst\u00e4blich erholen k\u00f6nnen. Faulenzen Sie am beheizten Swimmingpool (8 x 4 m) in einer au\u00dfergew\u00f6hnlichen Umgebung, die vom Gesang der V\u00f6gel umrahmt wird. Da sie sich im Naturpark Les Sources befinden, k\u00f6nnen Sie [&hellip;]<\/p>\n","protected":false},"author":1,"featured_media":0,"parent":0,"menu_order":0,"comment_status":"closed","ping_status":"closed","template":"elementor_header_footer","meta":{"_seopress_robots_primary_cat":"","_seopress_titles_title":"","_seopress_titles_desc":"","_seopress_robots_index":"","footnotes":""},"class_list":["post-5004","page","type-page","status-publish","hentry"],"_links":{"self":[{"href":"https:\/\/leclosducerf.com\/de\/wp-json\/wp\/v2\/pages\/5004","targetHints":{"allow":["GET"]}}],"collection":[{"href":"https:\/\/leclosducerf.com\/de\/wp-json\/wp\/v2\/pages"}],"about":[{"href":"https:\/\/leclosducerf.com\/de\/wp-json\/wp\/v2\/types\/page"}],"author":[{"embeddable":true,"href":"https:\/\/leclosducerf.com\/de\/wp-json\/wp\/v2\/users\/1"}],"replies":[{"embeddable":true,"href":"https:\/\/leclosducerf.com\/de\/wp-json\/wp\/v2\/comments?post=5004"}],"version-history":[{"count":8,"href":"https:\/\/leclosducerf.com\/de\/wp-json\/wp\/v2\/pages\/5004\/revisions"}],"predecessor-version":[{"id":7305,"href":"https:\/\/leclosducerf.com\/de\/wp-json\/wp\/v2\/pages\/5004\/revisions\/7305"}],"wp:attachment":[{"href":"https:\/\/leclosducerf.com\/de\/wp-json\/wp\/v2\/media?parent=5004"}],"curies":[{"name":"wp","href":"https:\/\/api.w.org\/{rel}","templated":true}]}}