{"id":5008,"date":"2022-06-17T14:43:11","date_gmt":"2022-06-17T14:43:11","guid":{"rendered":"https:\/\/leclosducerf.com\/das-ferienhaus-le-sous-bois\/"},"modified":"2023-07-20T19:25:57","modified_gmt":"2023-07-20T19:25:57","slug":"das-ferienhaus-le-sous-bois","status":"publish","type":"page","link":"https:\/\/leclosducerf.com\/de\/das-ferienhaus-le-sous-bois\/","title":{"rendered":"Das Ferienhaus &#8211; Le Sous Bois"},"content":{"rendered":"\t\t<div data-elementor-type=\"wp-page\" data-elementor-id=\"5008\" class=\"elementor elementor-5008 elementor-17\" data-elementor-post-type=\"page\">\n\t\t\t\t\t\t<section class=\"ob-is-breaking-bad elementor-section elementor-top-section elementor-element elementor-element-01e9cf0 elementor-section-full_width elementor-section-height-default elementor-section-height-default\" data-id=\"01e9cf0\" data-element_type=\"section\" data-e-type=\"section\" data-settings=\"{&quot;_ob_bbad_use_it&quot;:&quot;yes&quot;,&quot;_ob_bbad_sssic_use&quot;:&quot;no&quot;,&quot;_ob_glider_is_slider&quot;:&quot;no&quot;}\">\n\t\t\t\t\t\t<div class=\"elementor-container elementor-column-gap-no\">\n\t\t\t\t\t<div class=\"elementor-column elementor-col-100 elementor-top-column elementor-element elementor-element-0a58209\" data-id=\"0a58209\" data-element_type=\"column\" data-e-type=\"column\" data-settings=\"{&quot;_ob_bbad_is_stalker&quot;:&quot;no&quot;,&quot;_ob_teleporter_use&quot;:false,&quot;_ob_column_hoveranimator&quot;:&quot;no&quot;,&quot;_ob_column_has_pseudo&quot;:&quot;no&quot;}\">\n\t\t\t<div class=\"elementor-widget-wrap elementor-element-populated\">\n\t\t\t\t\t\t<div class=\"elementor-element elementor-element-f13387f ob-has-background-overlay elementor-widget elementor-widget-image\" data-id=\"f13387f\" data-element_type=\"widget\" data-e-type=\"widget\" data-settings=\"{&quot;_ob_photomorph_use&quot;:&quot;no&quot;,&quot;_ob_perspektive_use&quot;:&quot;no&quot;,&quot;_ob_poopart_use&quot;:&quot;yes&quot;,&quot;_ob_shadough_use&quot;:&quot;no&quot;,&quot;_ob_allow_hoveranimator&quot;:&quot;no&quot;,&quot;_ob_widget_stalker_use&quot;:&quot;no&quot;}\" data-widget_type=\"image.default\">\n\t\t\t\t<div class=\"elementor-widget-container\">\n\t\t\t\t\t\t\t\t\t\t\t\t\t\t\t<img fetchpriority=\"high\" decoding=\"async\" width=\"2048\" height=\"1536\" src=\"https:\/\/leclosducerf.com\/wp-content\/uploads\/2022\/06\/cusine-gite.jpg\" class=\"attachment-2048x2048 size-2048x2048 wp-image-4481\" alt=\"\" srcset=\"https:\/\/leclosducerf.com\/wp-content\/uploads\/2022\/06\/cusine-gite.jpg 2048w, https:\/\/leclosducerf.com\/wp-content\/uploads\/2022\/06\/cusine-gite-300x225.jpg 300w, https:\/\/leclosducerf.com\/wp-content\/uploads\/2022\/06\/cusine-gite-1024x768.jpg 1024w, https:\/\/leclosducerf.com\/wp-content\/uploads\/2022\/06\/cusine-gite-768x576.jpg 768w, https:\/\/leclosducerf.com\/wp-content\/uploads\/2022\/06\/cusine-gite-1536x1152.jpg 1536w\" sizes=\"(max-width: 2048px) 100vw, 2048px\" \/>\t\t\t\t\t\t\t\t\t\t\t\t\t\t\t<\/div>\n\t\t\t\t<\/div>\n\t\t\t\t\t<\/div>\n\t\t<\/div>\n\t\t\t\t\t<\/div>\n\t\t<\/section>\n\t\t\t\t<section class=\"ob-is-breaking-bad elementor-section elementor-top-section elementor-element elementor-element-f365695 elementor-section-full_width elementor-section-height-default elementor-section-height-default\" data-id=\"f365695\" data-element_type=\"section\" data-e-type=\"section\" data-settings=\"{&quot;_ob_bbad_use_it&quot;:&quot;yes&quot;,&quot;_ob_bbad_sssic_use&quot;:&quot;no&quot;,&quot;_ob_glider_is_slider&quot;:&quot;no&quot;}\">\n\t\t\t\t\t\t<div class=\"elementor-container elementor-column-gap-no\">\n\t\t\t\t\t<div class=\"elementor-column elementor-col-50 elementor-top-column elementor-element elementor-element-017a9bd\" data-id=\"017a9bd\" data-element_type=\"column\" data-e-type=\"column\" data-settings=\"{&quot;_ob_bbad_is_stalker&quot;:&quot;no&quot;,&quot;_ob_teleporter_use&quot;:false,&quot;_ob_column_hoveranimator&quot;:&quot;no&quot;,&quot;_ob_column_has_pseudo&quot;:&quot;no&quot;}\">\n\t\t\t<div class=\"elementor-widget-wrap elementor-element-populated\">\n\t\t\t\t\t\t<div class=\"elementor-element elementor-element-43070b6 elementor-widget-divider--view-line_text elementor-widget-divider--element-align-center ob-has-background-overlay elementor-widget elementor-widget-divider\" data-id=\"43070b6\" data-element_type=\"widget\" data-e-type=\"widget\" data-settings=\"{&quot;_ob_perspektive_use&quot;:&quot;no&quot;,&quot;_ob_poopart_use&quot;:&quot;yes&quot;,&quot;_ob_shadough_use&quot;:&quot;no&quot;,&quot;_ob_allow_hoveranimator&quot;:&quot;no&quot;,&quot;_ob_widget_stalker_use&quot;:&quot;no&quot;}\" data-widget_type=\"divider.default\">\n\t\t\t\t<div class=\"elementor-widget-container\">\n\t\t\t\t\t\t\t<div class=\"elementor-divider\">\n\t\t\t<span class=\"elementor-divider-separator\">\n\t\t\t\t\t\t\t<h1 class=\"elementor-divider__text elementor-divider__element\">\n\t\t\t\tLe sous-bois\t\t\t\t<\/h1>\n\t\t\t\t\t\t<\/span>\n\t\t<\/div>\n\t\t\t\t\t\t<\/div>\n\t\t\t\t<\/div>\n\t\t\t\t<div class=\"elementor-element elementor-element-eff8135 ob-harakiri-inherit ob-has-background-overlay elementor-widget elementor-widget-text-editor\" data-id=\"eff8135\" data-element_type=\"widget\" data-e-type=\"widget\" data-settings=\"{&quot;_ob_use_harakiri&quot;:&quot;yes&quot;,&quot;_ob_harakiri_writing_mode&quot;:&quot;inherit&quot;,&quot;_ob_postman_use&quot;:&quot;no&quot;,&quot;_ob_perspektive_use&quot;:&quot;no&quot;,&quot;_ob_poopart_use&quot;:&quot;yes&quot;,&quot;_ob_shadough_use&quot;:&quot;no&quot;,&quot;_ob_allow_hoveranimator&quot;:&quot;no&quot;,&quot;_ob_widget_stalker_use&quot;:&quot;no&quot;}\" data-widget_type=\"text-editor.default\">\n\t\t\t\t<div class=\"elementor-widget-container\">\n\t\t\t\t\t\t\t\t\t<h5 style=\"text-align: center;\"><span style=\"color: #808000;\"><strong><span class=\"x1xsqp64 xiy17q3 x1o6pynw x19co3pv xdj266r xcwd3tp xat24cr x39eecv x2b8uid\" data-testid=\"emoji\"><span class=\"xexx8yu xn5pp95 x18d9i69 x2fxd7x x1yqt14a x1bhl96m\"><img decoding=\"async\" class=\"emoji\" role=\"img\" draggable=\"false\" src=\"https:\/\/s.w.org\/images\/core\/emoji\/14.0.0\/svg\/1f33f.svg\" alt=\"\ud83c\udf3f\" \/> <\/span><\/span><\/strong><\/span><span style=\"color: #808000;\"><strong>Umweltbewusstes Wohnen <span class=\"x1xsqp64 xiy17q3 x1o6pynw x19co3pv xdj266r xcwd3tp xat24cr x39eecv x2b8uid\" data-testid=\"emoji\"><span class=\"xexx8yu xn5pp95 x18d9i69 x2fxd7x x1yqt14a x1bhl96m\"><img decoding=\"async\" class=\"emoji\" role=\"img\" draggable=\"false\" src=\"https:\/\/s.w.org\/images\/core\/emoji\/14.0.0\/svg\/1f33f.svg\" alt=\"\ud83c\udf3f\" \/><br \/><\/span><\/span><\/strong><\/span><span style=\"color: #808000;\"><strong>4 Personen<\/strong><\/span><\/h5><p><span style=\"color: #808000;\"><strong>Wohnzimmer<\/strong><\/span> : Flachbildschirm-TV, Wifi. Anrichte mit B\u00fcchern und Gesellschaftsspielen. Holzofen: In der kalten Jahreszeit wird Ihnen ein Korb mit Holzscheiten kostenlos zur Verf\u00fcgung gestellt.<\/p><p><img decoding=\"async\" class=\"wp-image-4328 aligncenter\" src=\"https:\/\/leclosducerf.com\/wp-content\/uploads\/2023\/06\/games-e1687769748948-300x194.jpg\" alt=\"\" width=\"256\" height=\"165\" srcset=\"https:\/\/leclosducerf.com\/wp-content\/uploads\/2023\/06\/games-e1687769748948-300x194.jpg 300w, https:\/\/leclosducerf.com\/wp-content\/uploads\/2023\/06\/games-e1687769748948.jpg 637w\" sizes=\"(max-width: 256px) 100vw, 256px\" \/> <img decoding=\"async\" class=\"wp-image-4344 aligncenter\" src=\"https:\/\/leclosducerf.com\/wp-content\/uploads\/2023\/06\/livres-etagere-FR-1-300x134.jpg\" alt=\"\" width=\"338\" height=\"151\" srcset=\"https:\/\/leclosducerf.com\/wp-content\/uploads\/2023\/06\/livres-etagere-FR-1-300x134.jpg 300w, https:\/\/leclosducerf.com\/wp-content\/uploads\/2023\/06\/livres-etagere-FR-1.jpg 591w\" sizes=\"(max-width: 338px) 100vw, 338px\" \/><\/p><p><span style=\"color: #808000;\"><strong>K\u00fcche<\/strong><\/span> : Geschirrsp\u00fcler, Kombi-Ofen, K\u00fchlschrank, Gefrierschrank, Kaffeemaschine, Dolce Gusto, Gaskochplatten&#8230;<\/p><p><span style=\"color: #808000;\"><strong>Duschraum<\/strong><\/span> : H\u00e4nge-WC, Dusche, Haartrockner, Waschbecken, Heizk\u00f6rper.<\/p><p><strong><span style=\"color: #808000;\">Zimmer Unterholz<\/span><\/strong> : Bett (180 cm), Garderobe, Anrichte.<\/p><p><strong><span style=\"color: #808000;\">Zimmer an der Vorderseite<\/span><\/strong> : Bett (180 cm), Ankleide, Kleiderschrank.<\/p><p><span style=\"color: #808000;\"><strong>Au\u00dfen<\/strong><\/span> : privater Garten mit B\u00e4umen und Blumen mit Tisch, Sonnenschirm, 4 Liegest\u00fchlen, W\u00e4schetrockner, BBQ, sicherer Fahrradraum + kostenloses Aufladen von Elektrofahrr\u00e4dern<\/p><p><span style=\"color: #808000;\"><strong>Au\u00dfenpool<\/strong><\/span> : beheizter Pool vom 15. Mai bis zum 15. September oder sp\u00e4ter, je nach Wetterlage.<\/p><p><span style=\"color: #808000;\"><strong>Auf Anfrage<\/strong><\/span> : IGN-Karten.<\/p><p><strong><span style=\"color: #808000;\">Uhrzeit der Ankunft<\/span> :<\/strong> ab 16 Uhr.<br \/><strong><span style=\"color: #808000;\">Uhrzeit der Abreise<\/span> :<\/strong> 10:30 Uhr sp\u00e4testens.<br \/><strong><span style=\"color: #808000;\">Sp\u00e4tere Abreise gegen Aufpreis.<\/span><\/strong><\/p><p><span style=\"text-decoration: underline;\"><em>Wenn Sie mehr \u00fcber die aktuellen und zuk\u00fcnftigen Aktivit\u00e4ten in der Region erfahren m\u00f6chten, klicken Sie auf den Facebook-Link oben auf der Seite.<\/em><\/span><\/p>\t\t\t\t\t\t\t\t<\/div>\n\t\t\t\t<\/div>\n\t\t\t\t<div class=\"elementor-element elementor-element-058162e ob-harakiri-inherit ob-has-background-overlay elementor-widget elementor-widget-text-editor\" data-id=\"058162e\" data-element_type=\"widget\" data-e-type=\"widget\" data-settings=\"{&quot;_ob_use_harakiri&quot;:&quot;yes&quot;,&quot;_ob_harakiri_writing_mode&quot;:&quot;inherit&quot;,&quot;_ob_postman_use&quot;:&quot;no&quot;,&quot;_ob_perspektive_use&quot;:&quot;no&quot;,&quot;_ob_poopart_use&quot;:&quot;yes&quot;,&quot;_ob_shadough_use&quot;:&quot;no&quot;,&quot;_ob_allow_hoveranimator&quot;:&quot;no&quot;,&quot;_ob_widget_stalker_use&quot;:&quot;no&quot;}\" data-widget_type=\"text-editor.default\">\n\t\t\t\t<div class=\"elementor-widget-container\">\n\t\t\t\t\t\t\t\t\t<p><strong>Nichtraucherunterkunft &#8211; Tiere nicht erlaubt.<\/strong><\/p>\n\t\t\t\t\t\t\t\t<\/div>\n\t\t\t\t<\/div>\n\t\t\t\t\t<\/div>\n\t\t<\/div>\n\t\t\t\t<div class=\"elementor-column elementor-col-50 elementor-top-column elementor-element elementor-element-bcbdb89\" data-id=\"bcbdb89\" data-element_type=\"column\" data-e-type=\"column\" data-settings=\"{&quot;_ob_bbad_is_stalker&quot;:&quot;no&quot;,&quot;_ob_teleporter_use&quot;:false,&quot;_ob_column_hoveranimator&quot;:&quot;no&quot;,&quot;_ob_column_has_pseudo&quot;:&quot;no&quot;}\">\n\t\t\t<div class=\"elementor-widget-wrap elementor-element-populated\">\n\t\t\t\t\t\t<div class=\"elementor-element elementor-element-713d09a ob-has-background-overlay elementor-widget elementor-widget-image\" data-id=\"713d09a\" data-element_type=\"widget\" data-e-type=\"widget\" data-settings=\"{&quot;_ob_photomorph_use&quot;:&quot;no&quot;,&quot;_ob_perspektive_use&quot;:&quot;no&quot;,&quot;_ob_poopart_use&quot;:&quot;yes&quot;,&quot;_ob_shadough_use&quot;:&quot;no&quot;,&quot;_ob_allow_hoveranimator&quot;:&quot;no&quot;,&quot;_ob_widget_stalker_use&quot;:&quot;no&quot;}\" data-widget_type=\"image.default\">\n\t\t\t\t<div class=\"elementor-widget-container\">\n\t\t\t\t\t\t\t\t\t\t\t\t\t\t\t<img loading=\"lazy\" decoding=\"async\" width=\"800\" height=\"627\" src=\"https:\/\/leclosducerf.com\/wp-content\/uploads\/2022\/06\/s2-1-2048x1603-1-1024x802.jpg\" class=\"attachment-large size-large wp-image-4491\" alt=\"\" srcset=\"https:\/\/leclosducerf.com\/wp-content\/uploads\/2022\/06\/s2-1-2048x1603-1-1024x802.jpg 1024w, https:\/\/leclosducerf.com\/wp-content\/uploads\/2022\/06\/s2-1-2048x1603-1-300x235.jpg 300w, https:\/\/leclosducerf.com\/wp-content\/uploads\/2022\/06\/s2-1-2048x1603-1-768x601.jpg 768w, https:\/\/leclosducerf.com\/wp-content\/uploads\/2022\/06\/s2-1-2048x1603-1-1536x1202.jpg 1536w, https:\/\/leclosducerf.com\/wp-content\/uploads\/2022\/06\/s2-1-2048x1603-1.jpg 2048w\" sizes=\"(max-width: 800px) 100vw, 800px\" \/>\t\t\t\t\t\t\t\t\t\t\t\t\t\t\t<\/div>\n\t\t\t\t<\/div>\n\t\t\t\t\t<\/div>\n\t\t<\/div>\n\t\t\t\t\t<\/div>\n\t\t<\/section>\n\t\t\t\t<section class=\"ob-is-breaking-bad elementor-section elementor-top-section elementor-element elementor-element-0813032 elementor-section-full_width elementor-section-height-default elementor-section-height-default\" data-id=\"0813032\" data-element_type=\"section\" data-e-type=\"section\" data-settings=\"{&quot;_ob_bbad_use_it&quot;:&quot;yes&quot;,&quot;_ob_bbad_sssic_use&quot;:&quot;no&quot;,&quot;_ob_glider_is_slider&quot;:&quot;no&quot;}\">\n\t\t\t\t\t\t<div class=\"elementor-container elementor-column-gap-no\">\n\t\t\t\t\t<div class=\"elementor-column elementor-col-100 elementor-top-column elementor-element elementor-element-4c3960f\" data-id=\"4c3960f\" data-element_type=\"column\" data-e-type=\"column\" data-settings=\"{&quot;_ob_bbad_is_stalker&quot;:&quot;no&quot;,&quot;_ob_teleporter_use&quot;:false,&quot;_ob_column_hoveranimator&quot;:&quot;no&quot;,&quot;_ob_column_has_pseudo&quot;:&quot;no&quot;}\">\n\t\t\t<div class=\"elementor-widget-wrap elementor-element-populated\">\n\t\t\t\t\t\t<div class=\"elementor-element elementor-element-76c3329 ob-has-background-overlay elementor-widget elementor-widget-gallery\" data-id=\"76c3329\" data-element_type=\"widget\" data-e-type=\"widget\" data-settings=\"{&quot;columns&quot;:2,&quot;columns_mobile&quot;:2,&quot;gap&quot;:{&quot;unit&quot;:&quot;px&quot;,&quot;size&quot;:0,&quot;sizes&quot;:[]},&quot;gap_tablet&quot;:{&quot;unit&quot;:&quot;px&quot;,&quot;size&quot;:0,&quot;sizes&quot;:[]},&quot;gap_mobile&quot;:{&quot;unit&quot;:&quot;px&quot;,&quot;size&quot;:0,&quot;sizes&quot;:[]},&quot;lazyload&quot;:&quot;yes&quot;,&quot;gallery_layout&quot;:&quot;grid&quot;,&quot;columns_tablet&quot;:2,&quot;link_to&quot;:&quot;file&quot;,&quot;aspect_ratio&quot;:&quot;3:2&quot;,&quot;overlay_background&quot;:&quot;yes&quot;,&quot;content_hover_animation&quot;:&quot;fade-in&quot;,&quot;_ob_perspektive_use&quot;:&quot;no&quot;,&quot;_ob_poopart_use&quot;:&quot;yes&quot;,&quot;_ob_shadough_use&quot;:&quot;no&quot;,&quot;_ob_allow_hoveranimator&quot;:&quot;no&quot;,&quot;_ob_widget_stalker_use&quot;:&quot;no&quot;}\" data-widget_type=\"gallery.default\">\n\t\t\t\t<div class=\"elementor-widget-container\">\n\t\t\t\t\t\t\t<div class=\"elementor-gallery__container\">\n\t\t\t\t\t\t\t<a class=\"e-gallery-item elementor-gallery-item elementor-animated-content\" href=\"https:\/\/leclosducerf.com\/wp-content\/uploads\/2022\/06\/salon.jpg\" data-elementor-open-lightbox=\"yes\" data-elementor-lightbox-slideshow=\"76c3329\" data-elementor-lightbox-title=\"Salon\" data-e-action-hash=\"#elementor-action%3Aaction%3Dlightbox%26settings%3DeyJpZCI6NDQ4MywidXJsIjoiaHR0cHM6XC9cL2xlY2xvc2R1Y2VyZi5jb21cL3dwLWNvbnRlbnRcL3VwbG9hZHNcLzIwMjJcLzA2XC9zYWxvbi5qcGciLCJzbGlkZXNob3ciOiI3NmMzMzI5In0%3D\">\n\t\t\t\t\t<div class=\"e-gallery-image elementor-gallery-item__image\" data-thumbnail=\"https:\/\/leclosducerf.com\/wp-content\/uploads\/2022\/06\/salon-768x576.jpg\" data-width=\"768\" data-height=\"576\" aria-label=\"\" role=\"img\" ><\/div>\n\t\t\t\t\t\t\t\t\t\t\t<div class=\"elementor-gallery-item__overlay\"><\/div>\n\t\t\t\t\t\t\t\t\t\t\t\t\t\t<\/a>\n\t\t\t\t\t\t\t<a class=\"e-gallery-item elementor-gallery-item elementor-animated-content\" href=\"https:\/\/leclosducerf.com\/wp-content\/uploads\/2022\/06\/gite-bois.jpg\" data-elementor-open-lightbox=\"yes\" data-elementor-lightbox-slideshow=\"76c3329\" data-elementor-lightbox-title=\"gite-bois\" data-e-action-hash=\"#elementor-action%3Aaction%3Dlightbox%26settings%3DeyJpZCI6NDQ3NywidXJsIjoiaHR0cHM6XC9cL2xlY2xvc2R1Y2VyZi5jb21cL3dwLWNvbnRlbnRcL3VwbG9hZHNcLzIwMjJcLzA2XC9naXRlLWJvaXMuanBnIiwic2xpZGVzaG93IjoiNzZjMzMyOSJ9\">\n\t\t\t\t\t<div class=\"e-gallery-image elementor-gallery-item__image\" data-thumbnail=\"https:\/\/leclosducerf.com\/wp-content\/uploads\/2022\/06\/gite-bois.jpg\" data-width=\"598\" data-height=\"800\" aria-label=\"\" role=\"img\" ><\/div>\n\t\t\t\t\t\t\t\t\t\t\t<div class=\"elementor-gallery-item__overlay\"><\/div>\n\t\t\t\t\t\t\t\t\t\t\t\t\t\t<\/a>\n\t\t\t\t\t\t\t<a class=\"e-gallery-item elementor-gallery-item elementor-animated-content\" href=\"https:\/\/leclosducerf.com\/wp-content\/uploads\/2022\/06\/gite-chambre.jpg\" data-elementor-open-lightbox=\"yes\" data-elementor-lightbox-slideshow=\"76c3329\" data-elementor-lightbox-title=\"gite-chambre\" data-e-action-hash=\"#elementor-action%3Aaction%3Dlightbox%26settings%3DeyJpZCI6NDQ3NSwidXJsIjoiaHR0cHM6XC9cL2xlY2xvc2R1Y2VyZi5jb21cL3dwLWNvbnRlbnRcL3VwbG9hZHNcLzIwMjJcLzA2XC9naXRlLWNoYW1icmUuanBnIiwic2xpZGVzaG93IjoiNzZjMzMyOSJ9\">\n\t\t\t\t\t<div class=\"e-gallery-image elementor-gallery-item__image\" data-thumbnail=\"https:\/\/leclosducerf.com\/wp-content\/uploads\/2022\/06\/gite-chambre.jpg\" data-width=\"720\" data-height=\"540\" aria-label=\"\" role=\"img\" ><\/div>\n\t\t\t\t\t\t\t\t\t\t\t<div class=\"elementor-gallery-item__overlay\"><\/div>\n\t\t\t\t\t\t\t\t\t\t\t\t\t\t<\/a>\n\t\t\t\t\t\t\t<a class=\"e-gallery-item elementor-gallery-item elementor-animated-content\" href=\"https:\/\/leclosducerf.com\/wp-content\/uploads\/2022\/06\/chambre-biche.jpg\" data-elementor-open-lightbox=\"yes\" data-elementor-lightbox-slideshow=\"76c3329\" data-elementor-lightbox-title=\"Chambre biche\" data-e-action-hash=\"#elementor-action%3Aaction%3Dlightbox%26settings%3DeyJpZCI6NDQ4NCwidXJsIjoiaHR0cHM6XC9cL2xlY2xvc2R1Y2VyZi5jb21cL3dwLWNvbnRlbnRcL3VwbG9hZHNcLzIwMjJcLzA2XC9jaGFtYnJlLWJpY2hlLmpwZyIsInNsaWRlc2hvdyI6Ijc2YzMzMjkifQ%3D%3D\">\n\t\t\t\t\t<div class=\"e-gallery-image elementor-gallery-item__image\" data-thumbnail=\"https:\/\/leclosducerf.com\/wp-content\/uploads\/2022\/06\/chambre-biche.jpg\" data-width=\"560\" data-height=\"750\" aria-label=\"\" role=\"img\" ><\/div>\n\t\t\t\t\t\t\t\t\t\t\t<div class=\"elementor-gallery-item__overlay\"><\/div>\n\t\t\t\t\t\t\t\t\t\t\t\t\t\t<\/a>\n\t\t\t\t\t\t\t<a class=\"e-gallery-item elementor-gallery-item elementor-animated-content\" href=\"https:\/\/leclosducerf.com\/wp-content\/uploads\/2022\/06\/116878553_766244237513737_2598662299898736677_n.jpg\" data-elementor-open-lightbox=\"yes\" data-elementor-lightbox-slideshow=\"76c3329\" data-elementor-lightbox-title=\"Salle de bain\" data-e-action-hash=\"#elementor-action%3Aaction%3Dlightbox%26settings%3DeyJpZCI6NDQ4NiwidXJsIjoiaHR0cHM6XC9cL2xlY2xvc2R1Y2VyZi5jb21cL3dwLWNvbnRlbnRcL3VwbG9hZHNcLzIwMjJcLzA2XC8xMTY4Nzg1NTNfNzY2MjQ0MjM3NTEzNzM3XzI1OTg2NjIyOTk4OTg3MzY2Nzdfbi5qcGciLCJzbGlkZXNob3ciOiI3NmMzMzI5In0%3D\">\n\t\t\t\t\t<div class=\"e-gallery-image elementor-gallery-item__image\" data-thumbnail=\"https:\/\/leclosducerf.com\/wp-content\/uploads\/2022\/06\/116878553_766244237513737_2598662299898736677_n-768x1024.jpg\" data-width=\"768\" data-height=\"1024\" aria-label=\"\" role=\"img\" ><\/div>\n\t\t\t\t\t\t\t\t\t\t\t<div class=\"elementor-gallery-item__overlay\"><\/div>\n\t\t\t\t\t\t\t\t\t\t\t\t\t\t<\/a>\n\t\t\t\t\t\t\t<a class=\"e-gallery-item elementor-gallery-item elementor-animated-content\" href=\"https:\/\/leclosducerf.com\/wp-content\/uploads\/2022\/06\/terasse.jpg\" data-elementor-open-lightbox=\"yes\" data-elementor-lightbox-slideshow=\"76c3329\" data-elementor-lightbox-title=\"Terrasse\" data-e-action-hash=\"#elementor-action%3Aaction%3Dlightbox%26settings%3DeyJpZCI6NDQ4NSwidXJsIjoiaHR0cHM6XC9cL2xlY2xvc2R1Y2VyZi5jb21cL3dwLWNvbnRlbnRcL3VwbG9hZHNcLzIwMjJcLzA2XC90ZXJhc3NlLmpwZyIsInNsaWRlc2hvdyI6Ijc2YzMzMjkifQ%3D%3D\">\n\t\t\t\t\t<div class=\"e-gallery-image elementor-gallery-item__image\" data-thumbnail=\"https:\/\/leclosducerf.com\/wp-content\/uploads\/2022\/06\/terasse.jpg\" data-width=\"598\" data-height=\"800\" aria-label=\"\" role=\"img\" ><\/div>\n\t\t\t\t\t\t\t\t\t\t\t<div class=\"elementor-gallery-item__overlay\"><\/div>\n\t\t\t\t\t\t\t\t\t\t\t\t\t\t<\/a>\n\t\t\t\t\t<\/div>\n\t\t\t\t\t<\/div>\n\t\t\t\t<\/div>\n\t\t\t\t<div class=\"elementor-element elementor-element-8268ce7 ob-has-background-overlay elementor-widget elementor-widget-gallery\" data-id=\"8268ce7\" data-element_type=\"widget\" data-e-type=\"widget\" data-settings=\"{&quot;gap&quot;:{&quot;unit&quot;:&quot;px&quot;,&quot;size&quot;:0,&quot;sizes&quot;:[]},&quot;gap_tablet&quot;:{&quot;unit&quot;:&quot;px&quot;,&quot;size&quot;:0,&quot;sizes&quot;:[]},&quot;gap_mobile&quot;:{&quot;unit&quot;:&quot;px&quot;,&quot;size&quot;:0,&quot;sizes&quot;:[]},&quot;aspect_ratio&quot;:&quot;1:1&quot;,&quot;lazyload&quot;:&quot;yes&quot;,&quot;gallery_layout&quot;:&quot;grid&quot;,&quot;columns&quot;:4,&quot;columns_tablet&quot;:2,&quot;columns_mobile&quot;:1,&quot;content_hover_animation&quot;:&quot;fade-in&quot;,&quot;_ob_perspektive_use&quot;:&quot;no&quot;,&quot;_ob_poopart_use&quot;:&quot;yes&quot;,&quot;_ob_shadough_use&quot;:&quot;no&quot;,&quot;_ob_allow_hoveranimator&quot;:&quot;no&quot;,&quot;_ob_widget_stalker_use&quot;:&quot;no&quot;}\" data-widget_type=\"gallery.default\">\n\t\t\t\t<div class=\"elementor-widget-container\">\n\t\t\t\t\t\t\t<div class=\"elementor-gallery__container\">\n\t\t\t\t\t\t\t<div class=\"e-gallery-item elementor-gallery-item elementor-animated-content\">\n\t\t\t\t\t<div class=\"e-gallery-image elementor-gallery-item__image\" data-thumbnail=\"https:\/\/leclosducerf.com\/wp-content\/uploads\/2022\/06\/288223083_1180543699396992_1318060763690619993_n-768x1032.jpg\" data-width=\"768\" data-height=\"1032\" aria-label=\"\" role=\"img\" ><\/div>\n\t\t\t\t\t\t\t\t\t\t\t\t\t\t<\/div>\n\t\t\t\t\t\t\t<div class=\"e-gallery-item elementor-gallery-item elementor-animated-content\">\n\t\t\t\t\t<div class=\"e-gallery-image elementor-gallery-item__image\" data-thumbnail=\"https:\/\/leclosducerf.com\/wp-content\/uploads\/2022\/09\/120107000_131376352007379_4390378280886239943_o.jpg\" data-width=\"665\" data-height=\"611\" aria-label=\"\" role=\"img\" ><\/div>\n\t\t\t\t\t\t\t\t\t\t\t\t\t\t<\/div>\n\t\t\t\t\t\t\t<div class=\"e-gallery-item elementor-gallery-item elementor-animated-content\">\n\t\t\t\t\t<div class=\"e-gallery-image elementor-gallery-item__image\" data-thumbnail=\"https:\/\/leclosducerf.com\/wp-content\/uploads\/2022\/09\/190781527_150597560417443_4105451268448341029_n-768x576.jpg\" data-width=\"768\" data-height=\"576\" aria-label=\"\" role=\"img\" ><\/div>\n\t\t\t\t\t\t\t\t\t\t\t\t\t\t<\/div>\n\t\t\t\t\t\t\t<div class=\"e-gallery-item elementor-gallery-item elementor-animated-content\">\n\t\t\t\t\t<div class=\"e-gallery-image elementor-gallery-item__image\" data-thumbnail=\"https:\/\/leclosducerf.com\/wp-content\/uploads\/2022\/09\/307410698_578697573991573_2968523611281959989_n-768x761.jpg\" data-width=\"768\" data-height=\"761\" aria-label=\"\" role=\"img\" ><\/div>\n\t\t\t\t\t\t\t\t\t\t\t\t\t\t<\/div>\n\t\t\t\t\t<\/div>\n\t\t\t\t\t<\/div>\n\t\t\t\t<\/div>\n\t\t\t\t\t<\/div>\n\t\t<\/div>\n\t\t\t\t\t<\/div>\n\t\t<\/section>\n\t\t\t\t<\/div>\n\t\t","protected":false},"excerpt":{"rendered":"<p>Le sous-bois Umweltbewusstes Wohnen 4 Personen Wohnzimmer : Flachbildschirm-TV, Wifi. Anrichte mit B\u00fcchern und Gesellschaftsspielen. Holzofen: In der kalten Jahreszeit wird Ihnen ein Korb mit Holzscheiten kostenlos zur Verf\u00fcgung gestellt. K\u00fcche : Geschirrsp\u00fcler, Kombi-Ofen, K\u00fchlschrank, Gefrierschrank, Kaffeemaschine, Dolce Gusto, Gaskochplatten&#8230; Duschraum : H\u00e4nge-WC, Dusche, Haartrockner, Waschbecken, Heizk\u00f6rper. Zimmer Unterholz : Bett (180 cm), Garderobe, Anrichte. [&hellip;]<\/p>\n","protected":false},"author":1,"featured_media":0,"parent":0,"menu_order":0,"comment_status":"closed","ping_status":"closed","template":"elementor_header_footer","meta":{"_seopress_robots_primary_cat":"","_seopress_titles_title":"","_seopress_titles_desc":"","_seopress_robots_index":"","footnotes":""},"class_list":["post-5008","page","type-page","status-publish","hentry"],"_links":{"self":[{"href":"https:\/\/leclosducerf.com\/de\/wp-json\/wp\/v2\/pages\/5008","targetHints":{"allow":["GET"]}}],"collection":[{"href":"https:\/\/leclosducerf.com\/de\/wp-json\/wp\/v2\/pages"}],"about":[{"href":"https:\/\/leclosducerf.com\/de\/wp-json\/wp\/v2\/types\/page"}],"author":[{"embeddable":true,"href":"https:\/\/leclosducerf.com\/de\/wp-json\/wp\/v2\/users\/1"}],"replies":[{"embeddable":true,"href":"https:\/\/leclosducerf.com\/de\/wp-json\/wp\/v2\/comments?post=5008"}],"version-history":[{"count":4,"href":"https:\/\/leclosducerf.com\/de\/wp-json\/wp\/v2\/pages\/5008\/revisions"}],"predecessor-version":[{"id":5767,"href":"https:\/\/leclosducerf.com\/de\/wp-json\/wp\/v2\/pages\/5008\/revisions\/5767"}],"wp:attachment":[{"href":"https:\/\/leclosducerf.com\/de\/wp-json\/wp\/v2\/media?parent=5008"}],"curies":[{"name":"wp","href":"https:\/\/api.w.org\/{rel}","templated":true}]}}