{"id":5014,"date":"2022-06-17T14:46:14","date_gmt":"2022-06-17T14:46:14","guid":{"rendered":"https:\/\/leclosducerf.com\/kontakt-reservierung\/"},"modified":"2023-12-05T20:08:02","modified_gmt":"2023-12-05T20:08:02","slug":"kontakt-reservierung","status":"publish","type":"page","link":"https:\/\/leclosducerf.com\/de\/kontakt-reservierung\/","title":{"rendered":"Kontakt &#8211; Reservierung"},"content":{"rendered":"\t\t<div data-elementor-type=\"wp-page\" data-elementor-id=\"5014\" class=\"elementor elementor-5014 elementor-27\" data-elementor-post-type=\"page\">\n\t\t\t\t\t\t<section class=\"ob-is-breaking-bad elementor-section elementor-top-section elementor-element elementor-element-04eb41f elementor-section-boxed elementor-section-height-default elementor-section-height-default\" data-id=\"04eb41f\" data-element_type=\"section\" data-e-type=\"section\" data-settings=\"{&quot;_ob_bbad_use_it&quot;:&quot;yes&quot;,&quot;_ob_bbad_sssic_use&quot;:&quot;no&quot;,&quot;_ob_glider_is_slider&quot;:&quot;no&quot;}\">\n\t\t\t\t\t\t<div class=\"elementor-container elementor-column-gap-default\">\n\t\t\t\t\t<div class=\"elementor-column elementor-col-100 elementor-top-column elementor-element elementor-element-67fe451\" data-id=\"67fe451\" data-element_type=\"column\" data-e-type=\"column\" data-settings=\"{&quot;_ob_bbad_is_stalker&quot;:&quot;no&quot;,&quot;_ob_teleporter_use&quot;:false,&quot;_ob_column_hoveranimator&quot;:&quot;no&quot;,&quot;_ob_column_has_pseudo&quot;:&quot;no&quot;}\">\n\t\t\t<div class=\"elementor-widget-wrap elementor-element-populated\">\n\t\t\t\t\t\t<div class=\"elementor-element elementor-element-2ea6409 elementor-widget-divider--view-line_text elementor-widget-divider--element-align-center ob-has-background-overlay elementor-widget elementor-widget-divider\" data-id=\"2ea6409\" data-element_type=\"widget\" data-e-type=\"widget\" data-settings=\"{&quot;_ob_perspektive_use&quot;:&quot;no&quot;,&quot;_ob_poopart_use&quot;:&quot;yes&quot;,&quot;_ob_shadough_use&quot;:&quot;no&quot;,&quot;_ob_allow_hoveranimator&quot;:&quot;no&quot;,&quot;_ob_widget_stalker_use&quot;:&quot;no&quot;}\" data-widget_type=\"divider.default\">\n\t\t\t\t<div class=\"elementor-widget-container\">\n\t\t\t\t\t\t\t<div class=\"elementor-divider\">\n\t\t\t<span class=\"elementor-divider-separator\">\n\t\t\t\t\t\t\t<h1 class=\"elementor-divider__text elementor-divider__element\">\n\t\t\t\tGESCHENKGUTSCHEIN \/ REISEROUTE \/ KARTE\t\t\t\t<\/h1>\n\t\t\t\t\t\t<\/span>\n\t\t<\/div>\n\t\t\t\t\t\t<\/div>\n\t\t\t\t<\/div>\n\t\t\t\t\t<\/div>\n\t\t<\/div>\n\t\t\t\t\t<\/div>\n\t\t<\/section>\n\t\t\t\t<section class=\"ob-is-breaking-bad elementor-section elementor-top-section elementor-element elementor-element-0d02ea1 elementor-section-boxed elementor-section-height-default elementor-section-height-default\" data-id=\"0d02ea1\" data-element_type=\"section\" data-e-type=\"section\" data-settings=\"{&quot;_ob_bbad_use_it&quot;:&quot;yes&quot;,&quot;_ob_bbad_sssic_use&quot;:&quot;no&quot;,&quot;_ob_glider_is_slider&quot;:&quot;no&quot;}\">\n\t\t\t\t\t\t<div class=\"elementor-container elementor-column-gap-wider\">\n\t\t\t\t\t<div class=\"elementor-column elementor-col-50 elementor-top-column elementor-element elementor-element-17432c6\" data-id=\"17432c6\" data-element_type=\"column\" data-e-type=\"column\" data-settings=\"{&quot;_ob_bbad_is_stalker&quot;:&quot;no&quot;,&quot;_ob_teleporter_use&quot;:false,&quot;_ob_column_hoveranimator&quot;:&quot;no&quot;,&quot;_ob_column_has_pseudo&quot;:&quot;no&quot;}\">\n\t\t\t<div class=\"elementor-widget-wrap elementor-element-populated\">\n\t\t\t\t\t\t<div class=\"elementor-element elementor-element-f4fabb3 ob-harakiri-inherit ob-has-background-overlay elementor-widget elementor-widget-text-editor\" data-id=\"f4fabb3\" data-element_type=\"widget\" data-e-type=\"widget\" data-settings=\"{&quot;_ob_use_harakiri&quot;:&quot;yes&quot;,&quot;_ob_harakiri_writing_mode&quot;:&quot;inherit&quot;,&quot;_ob_postman_use&quot;:&quot;no&quot;,&quot;_ob_perspektive_use&quot;:&quot;no&quot;,&quot;_ob_poopart_use&quot;:&quot;yes&quot;,&quot;_ob_shadough_use&quot;:&quot;no&quot;,&quot;_ob_allow_hoveranimator&quot;:&quot;no&quot;,&quot;_ob_widget_stalker_use&quot;:&quot;no&quot;}\" data-widget_type=\"text-editor.default\">\n\t\t\t\t<div class=\"elementor-widget-container\">\n\t\t\t\t\t\t\t\t\t<p><img fetchpriority=\"high\" decoding=\"async\" class=\"alignnone  wp-image-5608\" src=\"https:\/\/leclosducerf.com\/wp-content\/uploads\/2023\/07\/besoin-dun-cadeau-SITE-300x176.jpg\" alt=\"\" width=\"464\" height=\"272\" srcset=\"https:\/\/leclosducerf.com\/wp-content\/uploads\/2023\/07\/besoin-dun-cadeau-SITE-300x176.jpg 300w, https:\/\/leclosducerf.com\/wp-content\/uploads\/2023\/07\/besoin-dun-cadeau-SITE-1024x602.jpg 1024w, https:\/\/leclosducerf.com\/wp-content\/uploads\/2023\/07\/besoin-dun-cadeau-SITE-768x451.jpg 768w, https:\/\/leclosducerf.com\/wp-content\/uploads\/2023\/07\/besoin-dun-cadeau-SITE-1536x903.jpg 1536w, https:\/\/leclosducerf.com\/wp-content\/uploads\/2023\/07\/besoin-dun-cadeau-SITE-2048x1203.jpg 2048w\" sizes=\"(max-width: 464px) 100vw, 464px\" \/> <img decoding=\"async\" class=\"alignnone  wp-image-5615\" src=\"https:\/\/leclosducerf.com\/wp-content\/uploads\/2023\/07\/BON-CADEAU-CLIENT-NOEL-300x147.jpg\" alt=\"\" width=\"463\" height=\"227\" srcset=\"https:\/\/leclosducerf.com\/wp-content\/uploads\/2023\/07\/BON-CADEAU-CLIENT-NOEL-300x147.jpg 300w, https:\/\/leclosducerf.com\/wp-content\/uploads\/2023\/07\/BON-CADEAU-CLIENT-NOEL-1024x502.jpg 1024w, https:\/\/leclosducerf.com\/wp-content\/uploads\/2023\/07\/BON-CADEAU-CLIENT-NOEL-768x377.jpg 768w, https:\/\/leclosducerf.com\/wp-content\/uploads\/2023\/07\/BON-CADEAU-CLIENT-NOEL-1536x754.jpg 1536w, https:\/\/leclosducerf.com\/wp-content\/uploads\/2023\/07\/BON-CADEAU-CLIENT-NOEL.jpg 1700w\" sizes=\"(max-width: 463px) 100vw, 463px\" \/><\/p><h6 style=\"text-align: center;\"><span style=\"color: #ff6600;\"><strong>Lassen Sie uns gemeinsam Ihre <br \/>\u00dcberraschungen organisieren<br \/><\/strong><em>Geburtstagskuchen, Luftballons, Blumen<\/em><\/span><\/h6>\t\t\t\t\t\t\t\t<\/div>\n\t\t\t\t<\/div>\n\t\t\t\t<div class=\"elementor-element elementor-element-97aa20c ob-harakiri-inherit ob-has-background-overlay elementor-widget elementor-widget-heading\" data-id=\"97aa20c\" data-element_type=\"widget\" data-e-type=\"widget\" data-settings=\"{&quot;_ob_use_harakiri&quot;:&quot;yes&quot;,&quot;_ob_harakiri_writing_mode&quot;:&quot;inherit&quot;,&quot;_ob_harakiri_text_clip&quot;:&quot;none&quot;,&quot;_ob_perspektive_use&quot;:&quot;no&quot;,&quot;_ob_poopart_use&quot;:&quot;yes&quot;,&quot;_ob_shadough_use&quot;:&quot;no&quot;,&quot;_ob_allow_hoveranimator&quot;:&quot;no&quot;,&quot;_ob_widget_stalker_use&quot;:&quot;no&quot;}\" data-widget_type=\"heading.default\">\n\t\t\t\t<div class=\"elementor-widget-container\">\n\t\t\t\t\t<h3 class=\"elementor-heading-title elementor-size-default\">Ben\u00f6tigen Sie weitere Informationen ?<\/h3>\t\t\t\t<\/div>\n\t\t\t\t<\/div>\n\t\t\t\t<div class=\"elementor-element elementor-element-d031aa1 elementor-button-align-stretch ob-has-background-overlay elementor-widget elementor-widget-form\" data-id=\"d031aa1\" data-element_type=\"widget\" data-e-type=\"widget\" data-settings=\"{&quot;step_next_label&quot;:&quot;Weiter zu&quot;,&quot;step_previous_label&quot;:&quot;Vorherige&quot;,&quot;button_width&quot;:&quot;100&quot;,&quot;step_type&quot;:&quot;number_text&quot;,&quot;step_icon_shape&quot;:&quot;circle&quot;,&quot;_ob_perspektive_use&quot;:&quot;no&quot;,&quot;_ob_poopart_use&quot;:&quot;yes&quot;,&quot;_ob_shadough_use&quot;:&quot;no&quot;,&quot;_ob_allow_hoveranimator&quot;:&quot;no&quot;,&quot;_ob_widget_stalker_use&quot;:&quot;no&quot;}\" data-widget_type=\"form.default\">\n\t\t\t\t<div class=\"elementor-widget-container\">\n\t\t\t\t\t\t\t<form class=\"elementor-form\" method=\"post\" name=\"Kontaktformular\" aria-label=\"Kontaktformular\">\n\t\t\t<input type=\"hidden\" name=\"post_id\" value=\"5014\"\/>\n\t\t\t<input type=\"hidden\" name=\"form_id\" value=\"d031aa1\"\/>\n\t\t\t<input type=\"hidden\" name=\"referer_title\" value=\"Kontakt &#8211; Reservierung\" \/>\n\n\t\t\t\t\t\t\t<input type=\"hidden\" name=\"queried_id\" value=\"5014\"\/>\n\t\t\t\n\t\t\t<div class=\"elementor-form-fields-wrapper elementor-labels-above\">\n\t\t\t\t\t\t\t\t<div class=\"elementor-field-type-text elementor-field-group elementor-column elementor-field-group-field_d7a1610 elementor-col-50 elementor-field-required elementor-mark-required\">\n\t\t\t\t\t\t\t\t\t\t\t\t<label for=\"form-field-field_d7a1610\" class=\"elementor-field-label\">\n\t\t\t\t\t\t\t\tName\t\t\t\t\t\t\t<\/label>\n\t\t\t\t\t\t\t\t\t\t\t\t\t\t<input size=\"1\" type=\"text\" name=\"form_fields[field_d7a1610]\" id=\"form-field-field_d7a1610\" class=\"elementor-field elementor-size-sm  elementor-field-textual\" placeholder=\"Name\" required=\"required\">\n\t\t\t\t\t\t\t\t\t\t\t<\/div>\n\t\t\t\t\t\t\t\t<div class=\"elementor-field-type-text elementor-field-group elementor-column elementor-field-group-name elementor-col-50 elementor-field-required elementor-mark-required\">\n\t\t\t\t\t\t\t\t\t\t\t\t<label for=\"form-field-name\" class=\"elementor-field-label\">\n\t\t\t\t\t\t\t\tVorname\t\t\t\t\t\t\t<\/label>\n\t\t\t\t\t\t\t\t\t\t\t\t\t\t<input size=\"1\" type=\"text\" name=\"form_fields[name]\" id=\"form-field-name\" class=\"elementor-field elementor-size-sm  elementor-field-textual\" placeholder=\"Vorname\" required=\"required\">\n\t\t\t\t\t\t\t\t\t\t\t<\/div>\n\t\t\t\t\t\t\t\t<div class=\"elementor-field-type-email elementor-field-group elementor-column elementor-field-group-email elementor-col-50 elementor-field-required elementor-mark-required\">\n\t\t\t\t\t\t\t\t\t\t\t\t<label for=\"form-field-email\" class=\"elementor-field-label\">\n\t\t\t\t\t\t\t\tE-Mail\t\t\t\t\t\t\t<\/label>\n\t\t\t\t\t\t\t\t\t\t\t\t\t\t<input size=\"1\" type=\"email\" name=\"form_fields[email]\" id=\"form-field-email\" class=\"elementor-field elementor-size-sm  elementor-field-textual\" placeholder=\"E-Mail\" required=\"required\">\n\t\t\t\t\t\t\t\t\t\t\t<\/div>\n\t\t\t\t\t\t\t\t<div class=\"elementor-field-type-tel elementor-field-group elementor-column elementor-field-group-field_102f048 elementor-col-50\">\n\t\t\t\t\t\t\t\t\t\t\t\t<label for=\"form-field-field_102f048\" class=\"elementor-field-label\">\n\t\t\t\t\t\t\t\tTelefon\t\t\t\t\t\t\t<\/label>\n\t\t\t\t\t\t\t\t<input size=\"1\" type=\"tel\" name=\"form_fields[field_102f048]\" id=\"form-field-field_102f048\" class=\"elementor-field elementor-size-sm  elementor-field-textual\" placeholder=\"Telefon\" pattern=\"[0-9()#&amp;+*-=.]+\" title=\"Nur Nummern oder Telefon-Zeichen (#, -, *, etc) werden akzeptiert.\">\n\n\t\t\t\t\t\t<\/div>\n\t\t\t\t\t\t\t\t<div class=\"elementor-field-type-textarea elementor-field-group elementor-column elementor-field-group-message elementor-col-100 elementor-field-required elementor-mark-required\">\n\t\t\t\t\t\t\t\t\t\t\t\t<label for=\"form-field-message\" class=\"elementor-field-label\">\n\t\t\t\t\t\t\t\tNachricht\t\t\t\t\t\t\t<\/label>\n\t\t\t\t\t\t<textarea class=\"elementor-field-textual elementor-field  elementor-size-sm\" name=\"form_fields[message]\" id=\"form-field-message\" rows=\"4\" placeholder=\"Nachricht\" required=\"required\"><\/textarea>\t\t\t\t<\/div>\n\t\t\t\t\t\t\t\t<div class=\"elementor-field-type-recaptcha elementor-field-group elementor-column elementor-field-group-field_4e8706b elementor-col-100\">\n\t\t\t\t\t<div class=\"elementor-field\" id=\"form-field-field_4e8706b\"><div class=\"elementor-g-recaptcha\" data-sitekey=\"6LeMh8YhAAAAAOO0HraTAomvMx8HeWfGy-poDl5E\" data-type=\"v2_checkbox\" data-theme=\"light\" data-size=\"normal\"><\/div><\/div>\t\t\t\t<\/div>\n\t\t\t\t\t\t\t\t<div class=\"elementor-field-type-text\">\n\t\t\t\t\t<input size=\"1\" type=\"text\" name=\"form_fields[field_1847b2d]\" id=\"form-field-field_1847b2d\" class=\"elementor-field elementor-size-sm \" style=\"display:none !important;\">\t\t\t\t<\/div>\n\t\t\t\t\t\t\t\t<div class=\"elementor-field-group elementor-column elementor-field-type-submit elementor-col-100 e-form__buttons\">\n\t\t\t\t\t<button class=\"elementor-button elementor-size-sm\" type=\"submit\">\n\t\t\t\t\t\t<span class=\"elementor-button-content-wrapper\">\n\t\t\t\t\t\t\t\t\t\t\t\t\t\t\t\t\t\t\t\t\t\t<span class=\"elementor-button-text\">Senden Sie<\/span>\n\t\t\t\t\t\t\t\t\t\t\t\t\t<\/span>\n\t\t\t\t\t<\/button>\n\t\t\t\t<\/div>\n\t\t\t<\/div>\n\t\t<\/form>\n\t\t\t\t\t\t<\/div>\n\t\t\t\t<\/div>\n\t\t\t\t\t<\/div>\n\t\t<\/div>\n\t\t\t\t<div class=\"elementor-column elementor-col-50 elementor-top-column elementor-element elementor-element-3a8ac64\" data-id=\"3a8ac64\" data-element_type=\"column\" data-e-type=\"column\" data-settings=\"{&quot;_ob_bbad_is_stalker&quot;:&quot;no&quot;,&quot;_ob_teleporter_use&quot;:false,&quot;_ob_column_hoveranimator&quot;:&quot;no&quot;,&quot;_ob_column_has_pseudo&quot;:&quot;no&quot;}\">\n\t\t\t<div class=\"elementor-widget-wrap elementor-element-populated\">\n\t\t\t\t\t\t<div class=\"elementor-element elementor-element-d166c7a ob-harakiri-inherit ob-has-background-overlay elementor-widget elementor-widget-text-editor\" data-id=\"d166c7a\" data-element_type=\"widget\" data-e-type=\"widget\" data-settings=\"{&quot;_ob_use_harakiri&quot;:&quot;yes&quot;,&quot;_ob_harakiri_writing_mode&quot;:&quot;inherit&quot;,&quot;_ob_postman_use&quot;:&quot;no&quot;,&quot;_ob_perspektive_use&quot;:&quot;no&quot;,&quot;_ob_poopart_use&quot;:&quot;yes&quot;,&quot;_ob_shadough_use&quot;:&quot;no&quot;,&quot;_ob_allow_hoveranimator&quot;:&quot;no&quot;,&quot;_ob_widget_stalker_use&quot;:&quot;no&quot;}\" data-widget_type=\"text-editor.default\">\n\t\t\t\t<div class=\"elementor-widget-container\">\n\t\t\t\t\t\t\t\t\t<div><h4 style=\"text-align: center;\"><span style=\"color: #808000;\"><strong>Kontaktieren Sie mich 7\/7 <br \/>\u00fcber Whatsapp<br \/><\/strong><\/span><\/h4><p><img decoding=\"async\" class=\"wp-image-5662 aligncenter\" src=\"https:\/\/leclosducerf.com\/wp-content\/uploads\/2023\/07\/logo-intagram-300x298.jpg\" alt=\"\" width=\"101\" height=\"100\" srcset=\"https:\/\/leclosducerf.com\/wp-content\/uploads\/2023\/07\/logo-intagram-300x298.jpg 300w, https:\/\/leclosducerf.com\/wp-content\/uploads\/2023\/07\/logo-intagram-150x150.jpg 150w, https:\/\/leclosducerf.com\/wp-content\/uploads\/2023\/07\/logo-intagram.jpg 398w\" sizes=\"(max-width: 101px) 100vw, 101px\" \/><\/p><h2 style=\"text-align: center;\"><span style=\"color: #808000;\"><strong>+32 (0) 478 93 23 56<\/strong><\/span><\/h2><\/div><div style=\"text-align: center;\">Ruy 53, 4987 Stoumont &#8211; Belgien H\u00f6he: 316 Meter<\/div><div>\u00a0<\/div><div><span style=\"color: #808000;\"><strong>E40\/E42<\/strong><\/span><\/div><div><span style=\"color: #808000;\"><strong>RICHTUNG VERVIERS\/SPA<\/strong><\/span><\/div><div><span style=\"color: #808000;\"><strong>Ausfahrt 10 &#8211; Francorchamps<\/strong><\/span><\/div><div>\u00a0<\/div><div>Fahren Sie durch Francorchamps, vorbei an der G\u00e4rtnerei Godefroid und biegen Sie dann rechts zum Weiler Neuville ab, um nach Ruy zu gelangen.<\/div><div>Von L\u00fcttich: 45 Minuten<\/div><div>Von Br\u00fcssel &#8211; nehmen Sie die A3 : 1h45<\/div><div>\u00a0<\/div><div><span style=\"color: #808000;\"><strong>E25<\/strong><\/span><\/div><div><span style=\"color: #808000;\"><strong>DIREKTION LUXEMBURG<\/strong><\/span><\/div><div><span style=\"color: #808000;\"><strong>Ausfahrt 46 &#8211; Remouchamps<\/strong><\/span><\/div><div>\u00a0<\/div><div>Sie werden durch Sougn\u00e9-Remouchamps, Desni\u00e9, Spa, Route de B\u00e9rinzenne, Le Rosier, Andrimont und dann Ruy fahren.<\/div><div>Von L\u00fcttich: 1 Stunde<\/div>\t\t\t\t\t\t\t\t<\/div>\n\t\t\t\t<\/div>\n\t\t\t\t<div class=\"elementor-element elementor-element-dfab154 ob-has-background-overlay elementor-widget elementor-widget-image\" data-id=\"dfab154\" data-element_type=\"widget\" data-e-type=\"widget\" data-settings=\"{&quot;_ob_photomorph_use&quot;:&quot;no&quot;,&quot;_ob_perspektive_use&quot;:&quot;no&quot;,&quot;_ob_poopart_use&quot;:&quot;yes&quot;,&quot;_ob_shadough_use&quot;:&quot;no&quot;,&quot;_ob_allow_hoveranimator&quot;:&quot;no&quot;,&quot;_ob_widget_stalker_use&quot;:&quot;no&quot;}\" data-widget_type=\"image.default\">\n\t\t\t\t<div class=\"elementor-widget-container\">\n\t\t\t\t\t\t\t\t\t\t\t\t\t\t\t<img loading=\"lazy\" decoding=\"async\" width=\"468\" height=\"312\" src=\"https:\/\/leclosducerf.com\/wp-content\/uploads\/2023\/02\/map-localisation-itineraire.jpg\" class=\"attachment-large size-large wp-image-4795\" alt=\"\" srcset=\"https:\/\/leclosducerf.com\/wp-content\/uploads\/2023\/02\/map-localisation-itineraire.jpg 468w, https:\/\/leclosducerf.com\/wp-content\/uploads\/2023\/02\/map-localisation-itineraire-300x200.jpg 300w\" sizes=\"(max-width: 468px) 100vw, 468px\" \/>\t\t\t\t\t\t\t\t\t\t\t\t\t\t\t<\/div>\n\t\t\t\t<\/div>\n\t\t\t\t<div class=\"elementor-element elementor-element-a16dddc ob-has-background-overlay elementor-widget elementor-widget-button\" data-id=\"a16dddc\" data-element_type=\"widget\" data-e-type=\"widget\" data-settings=\"{&quot;_ob_butterbutton_use_it&quot;:&quot;no&quot;,&quot;_ob_perspektive_use&quot;:&quot;no&quot;,&quot;_ob_poopart_use&quot;:&quot;yes&quot;,&quot;_ob_shadough_use&quot;:&quot;no&quot;,&quot;_ob_allow_hoveranimator&quot;:&quot;no&quot;,&quot;_ob_widget_stalker_use&quot;:&quot;no&quot;}\" data-widget_type=\"button.default\">\n\t\t\t\t<div class=\"elementor-widget-container\">\n\t\t\t\t\t\t\t\t\t<div class=\"elementor-button-wrapper\">\n\t\t\t\t\t<a class=\"elementor-button elementor-button-link elementor-size-sm\" href=\"https:\/\/fr.viamichelin.be\/\" target=\"_blank\">\n\t\t\t\t\t\t<span class=\"elementor-button-content-wrapper\">\n\t\t\t\t\t\t<span class=\"elementor-button-icon\">\n\t\t\t\t<i aria-hidden=\"true\" class=\"fas fa-long-arrow-alt-right\"><\/i>\t\t\t<\/span>\n\t\t\t\t\t\t\t\t\t<span class=\"elementor-button-text\">Berechnen Sie Ihre Route<\/span>\n\t\t\t\t\t<\/span>\n\t\t\t\t\t<\/a>\n\t\t\t\t<\/div>\n\t\t\t\t\t\t\t\t<\/div>\n\t\t\t\t<\/div>\n\t\t\t\t\t<\/div>\n\t\t<\/div>\n\t\t\t\t\t<\/div>\n\t\t<\/section>\n\t\t\t\t<\/div>\n\t\t","protected":false},"excerpt":{"rendered":"<p>GESCHENKGUTSCHEIN \/ REISEROUTE \/ KARTE Lassen Sie uns gemeinsam Ihre \u00dcberraschungen organisierenGeburtstagskuchen, Luftballons, Blumen Ben\u00f6tigen Sie weitere Informationen ? Kontaktieren Sie mich 7\/7 \u00fcber Whatsapp +32 (0) 478 93 23 56 Ruy 53, 4987 Stoumont &#8211; Belgien H\u00f6he: 316 Meter\u00a0E40\/E42RICHTUNG VERVIERS\/SPAAusfahrt 10 &#8211; Francorchamps\u00a0Fahren Sie durch Francorchamps, vorbei an der G\u00e4rtnerei Godefroid und biegen Sie [&hellip;]<\/p>\n","protected":false},"author":1,"featured_media":0,"parent":0,"menu_order":0,"comment_status":"closed","ping_status":"closed","template":"elementor_header_footer","meta":{"_seopress_robots_primary_cat":"","_seopress_titles_title":"","_seopress_titles_desc":"","_seopress_robots_index":"","footnotes":""},"class_list":["post-5014","page","type-page","status-publish","hentry"],"_links":{"self":[{"href":"https:\/\/leclosducerf.com\/de\/wp-json\/wp\/v2\/pages\/5014","targetHints":{"allow":["GET"]}}],"collection":[{"href":"https:\/\/leclosducerf.com\/de\/wp-json\/wp\/v2\/pages"}],"about":[{"href":"https:\/\/leclosducerf.com\/de\/wp-json\/wp\/v2\/types\/page"}],"author":[{"embeddable":true,"href":"https:\/\/leclosducerf.com\/de\/wp-json\/wp\/v2\/users\/1"}],"replies":[{"embeddable":true,"href":"https:\/\/leclosducerf.com\/de\/wp-json\/wp\/v2\/comments?post=5014"}],"version-history":[{"count":5,"href":"https:\/\/leclosducerf.com\/de\/wp-json\/wp\/v2\/pages\/5014\/revisions"}],"predecessor-version":[{"id":6377,"href":"https:\/\/leclosducerf.com\/de\/wp-json\/wp\/v2\/pages\/5014\/revisions\/6377"}],"wp:attachment":[{"href":"https:\/\/leclosducerf.com\/de\/wp-json\/wp\/v2\/media?parent=5014"}],"curies":[{"name":"wp","href":"https:\/\/api.w.org\/{rel}","templated":true}]}}