{"id":5288,"date":"2023-06-29T07:56:07","date_gmt":"2023-06-29T07:56:07","guid":{"rendered":"https:\/\/leclosducerf.com\/geschaeftsordnung\/"},"modified":"2023-06-30T08:15:20","modified_gmt":"2023-06-30T08:15:20","slug":"geschaeftsordnung","status":"publish","type":"page","link":"https:\/\/leclosducerf.com\/de\/geschaeftsordnung\/","title":{"rendered":"Gesch\u00e4ftsordnung"},"content":{"rendered":"\t\t<div data-elementor-type=\"wp-page\" data-elementor-id=\"5288\" class=\"elementor elementor-5288 elementor-5124\" data-elementor-post-type=\"page\">\n\t\t\t\t\t\t<section class=\"ob-is-breaking-bad elementor-section elementor-top-section elementor-element elementor-element-4238238 elementor-section-boxed elementor-section-height-default elementor-section-height-default\" data-id=\"4238238\" data-element_type=\"section\" data-e-type=\"section\" data-settings=\"{&quot;_ob_bbad_use_it&quot;:&quot;yes&quot;,&quot;_ob_bbad_sssic_use&quot;:&quot;no&quot;,&quot;_ob_glider_is_slider&quot;:&quot;no&quot;}\">\n\t\t\t\t\t\t<div class=\"elementor-container elementor-column-gap-default\">\n\t\t\t\t\t<div class=\"elementor-column elementor-col-100 elementor-top-column elementor-element elementor-element-d19d768\" data-id=\"d19d768\" data-element_type=\"column\" data-e-type=\"column\" data-settings=\"{&quot;_ob_bbad_is_stalker&quot;:&quot;no&quot;,&quot;_ob_teleporter_use&quot;:false,&quot;_ob_column_hoveranimator&quot;:&quot;no&quot;,&quot;_ob_column_has_pseudo&quot;:&quot;no&quot;}\">\n\t\t\t<div class=\"elementor-widget-wrap elementor-element-populated\">\n\t\t\t\t\t\t<div class=\"elementor-element elementor-element-5146577 elementor-widget-divider--view-line_text elementor-widget-divider--element-align-center ob-has-background-overlay elementor-widget elementor-widget-divider\" data-id=\"5146577\" data-element_type=\"widget\" data-e-type=\"widget\" data-settings=\"{&quot;_ob_perspektive_use&quot;:&quot;no&quot;,&quot;_ob_poopart_use&quot;:&quot;yes&quot;,&quot;_ob_shadough_use&quot;:&quot;no&quot;,&quot;_ob_allow_hoveranimator&quot;:&quot;no&quot;,&quot;_ob_widget_stalker_use&quot;:&quot;no&quot;}\" data-widget_type=\"divider.default\">\n\t\t\t\t<div class=\"elementor-widget-container\">\n\t\t\t\t\t\t\t<div class=\"elementor-divider\">\n\t\t\t<span class=\"elementor-divider-separator\">\n\t\t\t\t\t\t\t<h1 class=\"elementor-divider__text elementor-divider__element\">\n\t\t\t\tGesch\u00e4ftsordnung\t\t\t\t<\/h1>\n\t\t\t\t\t\t<\/span>\n\t\t<\/div>\n\t\t\t\t\t\t<\/div>\n\t\t\t\t<\/div>\n\t\t\t\t<div class=\"elementor-element elementor-element-19cc3f5 ob-harakiri-inherit ob-has-background-overlay elementor-widget elementor-widget-text-editor\" data-id=\"19cc3f5\" data-element_type=\"widget\" data-e-type=\"widget\" data-settings=\"{&quot;_ob_use_harakiri&quot;:&quot;yes&quot;,&quot;_ob_harakiri_writing_mode&quot;:&quot;inherit&quot;,&quot;_ob_postman_use&quot;:&quot;no&quot;,&quot;_ob_perspektive_use&quot;:&quot;no&quot;,&quot;_ob_poopart_use&quot;:&quot;yes&quot;,&quot;_ob_shadough_use&quot;:&quot;no&quot;,&quot;_ob_allow_hoveranimator&quot;:&quot;no&quot;,&quot;_ob_widget_stalker_use&quot;:&quot;no&quot;}\" data-widget_type=\"text-editor.default\">\n\t\t\t\t<div class=\"elementor-widget-container\">\n\t\t\t\t\t\t\t\t\t<p><img decoding=\"async\" class=\"size-full wp-image-5236 alignleft\" src=\"https:\/\/leclosducerf.com\/wp-content\/uploads\/2023\/06\/oisezu.jpg\" alt=\"\" width=\"133\" height=\"134\">Sie befinden sich in einer l\u00e4ndlichen Gegend. Es wird von Ihnen erwartet, dass Sie zum Wohle aller eine gewisse Ruhe einhalten.<br \/>Nutzen Sie das Gel\u00e4nde und seine Einrichtungen als guter Familienvater.<\/p>\n<ul>\n<li><em>Das Rauchen ist im Haus nicht gestattet, ein Aschenbecher steht Ihnen zur Verf\u00fcgung.<\/em><\/li>\n<li><em>Es ist verboten, auf dem Grundst\u00fcck Ball zu spielen.<\/em><\/li>\n<li><i>Alle verursachten Sch\u00e4den werden Ihnen in Rechnung gestellt.<\/i><\/li>\n<\/ul>\n<p><strong><span style=\"text-decoration: underline;\"><br \/>ANNULLIERUNG<\/span><\/strong><\/p>\n<p><strong>Nebensaison und Mittelsaison<br \/><\/strong><\/p>\n<p><img decoding=\"async\" class=\"wp-image-5223 alignleft\" src=\"https:\/\/leclosducerf.com\/wp-content\/uploads\/2023\/06\/flocons-300x300.jpg\" alt=\"\" width=\"66\" height=\"66\" srcset=\"https:\/\/leclosducerf.com\/wp-content\/uploads\/2023\/06\/flocons-300x300.jpg 300w, https:\/\/leclosducerf.com\/wp-content\/uploads\/2023\/06\/flocons-1024x1024.jpg 1024w, https:\/\/leclosducerf.com\/wp-content\/uploads\/2023\/06\/flocons-150x150.jpg 150w, https:\/\/leclosducerf.com\/wp-content\/uploads\/2023\/06\/flocons-768x768.jpg 768w, https:\/\/leclosducerf.com\/wp-content\/uploads\/2023\/06\/flocons-1536x1536.jpg 1536w, https:\/\/leclosducerf.com\/wp-content\/uploads\/2023\/06\/flocons.jpg 2000w\" sizes=\"(max-width: 66px) 100vw, 66px\" \/>Bis zu 30 Tage vor dem Datum : kostenlos<br \/>Weniger als 30 Tage vorher : Entsch\u00e4digung 50%.<br \/>15 Tage vorher: 100% Entsch\u00e4digung<\/p>\n<p><strong>Hochsaison &#8211; Juli und August<\/strong><\/p>\n<p><img decoding=\"async\" class=\" wp-image-5218 alignleft\" src=\"https:\/\/leclosducerf.com\/wp-content\/uploads\/2023\/06\/soleil.jpg\" alt=\"\" width=\"71\" height=\"72\">Bis zu 30 Tage vor dem Datum : kostenlos<\/p>\n<p>Weniger als 30 Tage vor dem Datum: Entsch\u00e4digung 100%.<\/p>\n<p><span style=\"text-decoration: underline;\"><strong><br \/>CAUTION<br \/><\/strong><\/span><br \/>Sie m\u00fcssen eine Kaution von 200 \u20ac hinterlegen, die Ihnen innerhalb von 2 Tagen zur\u00fcckerstattet wird, wenn keine Sch\u00e4den festgestellt wurden.<br \/>Ihr Fr\u00fchst\u00fcck ist nicht im Preis inbegriffen und muss separat bezahlt werden.<\/p>\n<p><span style=\"text-decoration: underline;\"><span style=\"font-weight: bolder;\"><br \/>WASSERNUTZUNG<\/span><\/span><\/p>\n<p><img loading=\"lazy\" decoding=\"async\" class=\"alignleft\" style=\"font-weight: 400;\" src=\"https:\/\/leclosducerf.com\/wp-content\/uploads\/2023\/06\/eau-300x193.jpg\" alt=\"\" width=\"179\" height=\"115\">Liebe G\u00e4ste, hier sind wir nicht an das Leitungswasser angeschlossen. Die einzige Wasserquelle, die Ihnen zur Verf\u00fcgung steht, stammt aus einer Quelle, die sich in unserem Garten befindet. Damit Ihnen das Wasser nicht ausgeht, <u>sollten Sie <\/u><u>beim<\/u><u>Duschen vor allem w\u00e4hrend der trockenen Sommermonate<\/u>, so viel Wasser wie m\u00f6glich sparen. Vielen Dank f\u00fcr Ihr Verst\u00e4ndnis. Seien wir umweltbewusst.<strong style=\"text-decoration-line: underline;\"><img loading=\"lazy\" decoding=\"async\" class=\"wp-image-5201 alignright\" src=\"https:\/\/leclosducerf.com\/wp-content\/uploads\/2023\/06\/terre.jpg\" alt=\"\" width=\"35\" height=\"35\"><\/strong><\/p>\n<div class=\"mceTemp\"> <\/div>\n<p><span style=\"text-decoration: underline;\"><strong><br \/>PISCINE<\/strong><\/span><\/p>\n<p><img loading=\"lazy\" decoding=\"async\" class=\"size-full wp-image-5208 alignleft\" src=\"https:\/\/leclosducerf.com\/wp-content\/uploads\/2023\/06\/piscine.jpg\" alt=\"\" width=\"121\" height=\"99\">Der Pool ist zwischen 9:30 und 10:00 Uhr zug\u00e4nglich.<\/p>\n<p>Wir leben in einer au\u00dfergew\u00f6hnlichen und ruhigen Natur. Um die Nachbarn und das Wild in der Umgebung nicht zu st\u00f6ren, werden Sie gebeten, so leise wie m\u00f6glich zu sein. Verpflichtung, Ihre Kinder immer zu begleiten und zu beaufsichtigen. Wir \u00fcbernehmen keine Haftung bei Unf\u00e4llen, Sie sind allein f\u00fcr Ihre Kinder verantwortlich.<\/p>\n<ul>\n<li><em>Um jedes Unfallrisiko zu vermeiden, ist es verboten zu tauchen, da die Wasserh\u00f6he nicht ausreichend ist.<\/em><\/li>\n<li><em>Aus Sicherheitsgr\u00fcnden ist das Rauchen rund um den Pool verboten, da der Strand aus Holz besteht.<\/em><\/li>\n<li><em>Es ist nicht erlaubt, die Badet\u00fccher der Unterkunft mitzunehmen. Ein Strandtuch ist Pflicht.<\/em><\/li>\n<\/ul>\n<p><u><br \/>Wenn Exzesse festgestellt werden, wird Ihnen der Zugang zum Pool verwehrt.<\/u><\/p>\n<p>Vielen Dank f\u00fcr Ihr Verst\u00e4ndnis.<\/p>\n<p>Wir \u00fcbernehmen keine Verantwortung f\u00fcr Verlust oder Diebstahl.<\/p>\n<h4> <\/h4>\n\t\t\t\t\t\t\t\t<\/div>\n\t\t\t\t<\/div>\n\t\t\t\t\t<\/div>\n\t\t<\/div>\n\t\t\t\t\t<\/div>\n\t\t<\/section>\n\t\t\t\t<\/div>\n\t\t","protected":false},"excerpt":{"rendered":"<p>Gesch\u00e4ftsordnung Sie befinden sich in einer l\u00e4ndlichen Gegend. Es wird von Ihnen erwartet, dass Sie zum Wohle aller eine gewisse Ruhe einhalten.Nutzen Sie das Gel\u00e4nde und seine Einrichtungen als guter Familienvater. Das Rauchen ist im Haus nicht gestattet, ein Aschenbecher steht Ihnen zur Verf\u00fcgung. Es ist verboten, auf dem Grundst\u00fcck Ball zu spielen. Alle verursachten [&hellip;]<\/p>\n","protected":false},"author":1,"featured_media":0,"parent":0,"menu_order":0,"comment_status":"closed","ping_status":"closed","template":"elementor_header_footer","meta":{"_seopress_robots_primary_cat":"","_seopress_titles_title":"","_seopress_titles_desc":"","_seopress_robots_index":"","footnotes":""},"class_list":["post-5288","page","type-page","status-publish","hentry"],"_links":{"self":[{"href":"https:\/\/leclosducerf.com\/de\/wp-json\/wp\/v2\/pages\/5288","targetHints":{"allow":["GET"]}}],"collection":[{"href":"https:\/\/leclosducerf.com\/de\/wp-json\/wp\/v2\/pages"}],"about":[{"href":"https:\/\/leclosducerf.com\/de\/wp-json\/wp\/v2\/types\/page"}],"author":[{"embeddable":true,"href":"https:\/\/leclosducerf.com\/de\/wp-json\/wp\/v2\/users\/1"}],"replies":[{"embeddable":true,"href":"https:\/\/leclosducerf.com\/de\/wp-json\/wp\/v2\/comments?post=5288"}],"version-history":[{"count":1,"href":"https:\/\/leclosducerf.com\/de\/wp-json\/wp\/v2\/pages\/5288\/revisions"}],"predecessor-version":[{"id":5289,"href":"https:\/\/leclosducerf.com\/de\/wp-json\/wp\/v2\/pages\/5288\/revisions\/5289"}],"wp:attachment":[{"href":"https:\/\/leclosducerf.com\/de\/wp-json\/wp\/v2\/media?parent=5288"}],"curies":[{"name":"wp","href":"https:\/\/api.w.org\/{rel}","templated":true}]}}