{"id":616,"date":"2022-06-17T14:46:14","date_gmt":"2022-06-17T14:46:14","guid":{"rendered":"https:\/\/leclosducerf.com\/contact-reservering\/"},"modified":"2026-02-12T07:26:18","modified_gmt":"2026-02-12T07:26:18","slug":"contact-reservering","status":"publish","type":"page","link":"https:\/\/leclosducerf.com\/nl\/contact-reservering\/","title":{"rendered":"Routebeschrijving"},"content":{"rendered":"\t\t<div data-elementor-type=\"wp-page\" data-elementor-id=\"616\" class=\"elementor elementor-616 elementor-27\" data-elementor-post-type=\"page\">\n\t\t\t\t\t\t<section class=\"ob-is-breaking-bad elementor-section elementor-top-section elementor-element elementor-element-04eb41f elementor-section-boxed elementor-section-height-default elementor-section-height-default\" data-id=\"04eb41f\" data-element_type=\"section\" data-e-type=\"section\" data-settings=\"{&quot;_ob_bbad_use_it&quot;:&quot;yes&quot;,&quot;_ob_bbad_sssic_use&quot;:&quot;no&quot;,&quot;_ob_glider_is_slider&quot;:&quot;no&quot;}\">\n\t\t\t\t\t\t<div class=\"elementor-container elementor-column-gap-default\">\n\t\t\t\t\t<div class=\"elementor-column elementor-col-100 elementor-top-column elementor-element elementor-element-67fe451\" data-id=\"67fe451\" data-element_type=\"column\" data-e-type=\"column\" data-settings=\"{&quot;_ob_bbad_is_stalker&quot;:&quot;no&quot;,&quot;_ob_teleporter_use&quot;:false,&quot;_ob_column_hoveranimator&quot;:&quot;no&quot;,&quot;_ob_column_has_pseudo&quot;:&quot;no&quot;}\">\n\t\t\t<div class=\"elementor-widget-wrap elementor-element-populated\">\n\t\t\t\t\t\t<div class=\"elementor-element elementor-element-2ea6409 elementor-widget-divider--view-line_text elementor-widget-divider--element-align-center ob-has-background-overlay elementor-widget elementor-widget-divider\" data-id=\"2ea6409\" data-element_type=\"widget\" data-e-type=\"widget\" data-settings=\"{&quot;_ob_perspektive_use&quot;:&quot;no&quot;,&quot;_ob_poopart_use&quot;:&quot;yes&quot;,&quot;_ob_shadough_use&quot;:&quot;no&quot;,&quot;_ob_allow_hoveranimator&quot;:&quot;no&quot;,&quot;_ob_widget_stalker_use&quot;:&quot;no&quot;}\" data-widget_type=\"divider.default\">\n\t\t\t\t<div class=\"elementor-widget-container\">\n\t\t\t\t\t\t\t<div class=\"elementor-divider\">\n\t\t\t<span class=\"elementor-divider-separator\">\n\t\t\t\t\t\t\t<h1 class=\"elementor-divider__text elementor-divider__element\">\n\t\t\t\tCADEAUBON \/ ROUTEBESCHRIJVING \/ KAART\t\t\t\t<\/h1>\n\t\t\t\t\t\t<\/span>\n\t\t<\/div>\n\t\t\t\t\t\t<\/div>\n\t\t\t\t<\/div>\n\t\t\t\t\t<\/div>\n\t\t<\/div>\n\t\t\t\t\t<\/div>\n\t\t<\/section>\n\t\t\t\t<section class=\"ob-is-breaking-bad elementor-section elementor-top-section elementor-element elementor-element-0d02ea1 elementor-section-boxed elementor-section-height-default elementor-section-height-default\" data-id=\"0d02ea1\" data-element_type=\"section\" data-e-type=\"section\" data-settings=\"{&quot;_ob_bbad_use_it&quot;:&quot;yes&quot;,&quot;_ob_bbad_sssic_use&quot;:&quot;no&quot;,&quot;_ob_glider_is_slider&quot;:&quot;no&quot;}\">\n\t\t\t\t\t\t<div class=\"elementor-container elementor-column-gap-wider\">\n\t\t\t\t\t<div class=\"elementor-column elementor-col-50 elementor-top-column elementor-element elementor-element-17432c6\" data-id=\"17432c6\" data-element_type=\"column\" data-e-type=\"column\" data-settings=\"{&quot;_ob_bbad_is_stalker&quot;:&quot;no&quot;,&quot;_ob_teleporter_use&quot;:false,&quot;_ob_column_hoveranimator&quot;:&quot;no&quot;,&quot;_ob_column_has_pseudo&quot;:&quot;no&quot;}\">\n\t\t\t<div class=\"elementor-widget-wrap elementor-element-populated\">\n\t\t\t\t\t\t<div class=\"elementor-element elementor-element-f4fabb3 ob-harakiri-inherit ob-has-background-overlay elementor-widget elementor-widget-text-editor\" data-id=\"f4fabb3\" data-element_type=\"widget\" data-e-type=\"widget\" data-settings=\"{&quot;_ob_use_harakiri&quot;:&quot;yes&quot;,&quot;_ob_harakiri_writing_mode&quot;:&quot;inherit&quot;,&quot;_ob_postman_use&quot;:&quot;no&quot;,&quot;_ob_perspektive_use&quot;:&quot;no&quot;,&quot;_ob_poopart_use&quot;:&quot;yes&quot;,&quot;_ob_shadough_use&quot;:&quot;no&quot;,&quot;_ob_allow_hoveranimator&quot;:&quot;no&quot;,&quot;_ob_widget_stalker_use&quot;:&quot;no&quot;}\" data-widget_type=\"text-editor.default\">\n\t\t\t\t<div class=\"elementor-widget-container\">\n\t\t\t\t\t\t\t\t\t<p>\u00a0<img fetchpriority=\"high\" decoding=\"async\" class=\"alignnone wp-image-5638\" src=\"https:\/\/leclosducerf.com\/wp-content\/uploads\/2023\/07\/besoin-dun-cadeau-SITE-NL-300x176.jpg\" alt=\"\" width=\"472\" height=\"277\" srcset=\"https:\/\/leclosducerf.com\/wp-content\/uploads\/2023\/07\/besoin-dun-cadeau-SITE-NL-300x176.jpg 300w, https:\/\/leclosducerf.com\/wp-content\/uploads\/2023\/07\/besoin-dun-cadeau-SITE-NL-1024x602.jpg 1024w, https:\/\/leclosducerf.com\/wp-content\/uploads\/2023\/07\/besoin-dun-cadeau-SITE-NL-768x451.jpg 768w, https:\/\/leclosducerf.com\/wp-content\/uploads\/2023\/07\/besoin-dun-cadeau-SITE-NL-1536x903.jpg 1536w, https:\/\/leclosducerf.com\/wp-content\/uploads\/2023\/07\/besoin-dun-cadeau-SITE-NL-2048x1203.jpg 2048w\" sizes=\"(max-width: 472px) 100vw, 472px\" \/><\/p><p><img decoding=\"async\" class=\"alignnone wp-image-5615\" src=\"https:\/\/leclosducerf.com\/wp-content\/uploads\/2023\/07\/BON-CADEAU-CLIENT-NOEL-300x147.jpg\" alt=\"\" width=\"463\" height=\"227\" srcset=\"https:\/\/leclosducerf.com\/wp-content\/uploads\/2023\/07\/BON-CADEAU-CLIENT-NOEL-300x147.jpg 300w, https:\/\/leclosducerf.com\/wp-content\/uploads\/2023\/07\/BON-CADEAU-CLIENT-NOEL-1024x502.jpg 1024w, https:\/\/leclosducerf.com\/wp-content\/uploads\/2023\/07\/BON-CADEAU-CLIENT-NOEL-768x377.jpg 768w, https:\/\/leclosducerf.com\/wp-content\/uploads\/2023\/07\/BON-CADEAU-CLIENT-NOEL-1536x754.jpg 1536w, https:\/\/leclosducerf.com\/wp-content\/uploads\/2023\/07\/BON-CADEAU-CLIENT-NOEL.jpg 1700w\" sizes=\"(max-width: 463px) 100vw, 463px\" \/><\/p><p style=\"text-align: center;\"><strong><span style=\"color: #ff6600;\">Laten we samen je verrassingen organiseren<\/span><br \/><\/strong><em><span style=\"color: #ff6600;\">verjaardagstaarten, ballonnen, bloemen<\/span><\/em><\/p>\t\t\t\t\t\t\t\t<\/div>\n\t\t\t\t<\/div>\n\t\t\t\t<div class=\"elementor-element elementor-element-97aa20c ob-harakiri-inherit ob-has-background-overlay elementor-widget elementor-widget-heading\" data-id=\"97aa20c\" data-element_type=\"widget\" data-e-type=\"widget\" data-settings=\"{&quot;_ob_use_harakiri&quot;:&quot;yes&quot;,&quot;_ob_harakiri_writing_mode&quot;:&quot;inherit&quot;,&quot;_ob_harakiri_text_clip&quot;:&quot;none&quot;,&quot;_ob_perspektive_use&quot;:&quot;no&quot;,&quot;_ob_poopart_use&quot;:&quot;yes&quot;,&quot;_ob_shadough_use&quot;:&quot;no&quot;,&quot;_ob_allow_hoveranimator&quot;:&quot;no&quot;,&quot;_ob_widget_stalker_use&quot;:&quot;no&quot;}\" data-widget_type=\"heading.default\">\n\t\t\t\t<div class=\"elementor-widget-container\">\n\t\t\t\t\t<h3 class=\"elementor-heading-title elementor-size-default\">Nog vragen ?<\/h3>\t\t\t\t<\/div>\n\t\t\t\t<\/div>\n\t\t\t\t<div class=\"elementor-element elementor-element-d031aa1 elementor-button-align-stretch ob-has-background-overlay elementor-widget elementor-widget-form\" data-id=\"d031aa1\" data-element_type=\"widget\" data-e-type=\"widget\" data-settings=\"{&quot;step_next_label&quot;:&quot;Volgende&quot;,&quot;step_previous_label&quot;:&quot;Vorige&quot;,&quot;button_width&quot;:&quot;100&quot;,&quot;step_type&quot;:&quot;number_text&quot;,&quot;step_icon_shape&quot;:&quot;circle&quot;,&quot;_ob_perspektive_use&quot;:&quot;no&quot;,&quot;_ob_poopart_use&quot;:&quot;yes&quot;,&quot;_ob_shadough_use&quot;:&quot;no&quot;,&quot;_ob_allow_hoveranimator&quot;:&quot;no&quot;,&quot;_ob_widget_stalker_use&quot;:&quot;no&quot;}\" data-widget_type=\"form.default\">\n\t\t\t\t<div class=\"elementor-widget-container\">\n\t\t\t\t\t\t\t<form class=\"elementor-form\" method=\"post\" name=\"Contactformulier\" aria-label=\"Contactformulier\">\n\t\t\t<input type=\"hidden\" name=\"post_id\" value=\"616\"\/>\n\t\t\t<input type=\"hidden\" name=\"form_id\" value=\"d031aa1\"\/>\n\t\t\t<input type=\"hidden\" name=\"referer_title\" value=\"Routebeschrijving\" \/>\n\n\t\t\t\t\t\t\t<input type=\"hidden\" name=\"queried_id\" value=\"616\"\/>\n\t\t\t\n\t\t\t<div class=\"elementor-form-fields-wrapper elementor-labels-above\">\n\t\t\t\t\t\t\t\t<div class=\"elementor-field-type-text elementor-field-group elementor-column elementor-field-group-field_d7a1610 elementor-col-50 elementor-field-required elementor-mark-required\">\n\t\t\t\t\t\t\t\t\t\t\t\t<label for=\"form-field-field_d7a1610\" class=\"elementor-field-label\">\n\t\t\t\t\t\t\t\tNaam\t\t\t\t\t\t\t<\/label>\n\t\t\t\t\t\t\t\t\t\t\t\t\t\t<input size=\"1\" type=\"text\" name=\"form_fields[field_d7a1610]\" id=\"form-field-field_d7a1610\" class=\"elementor-field elementor-size-sm  elementor-field-textual\" placeholder=\"Naam\" required=\"required\">\n\t\t\t\t\t\t\t\t\t\t\t<\/div>\n\t\t\t\t\t\t\t\t<div class=\"elementor-field-type-text elementor-field-group elementor-column elementor-field-group-name elementor-col-50 elementor-field-required elementor-mark-required\">\n\t\t\t\t\t\t\t\t\t\t\t\t<label for=\"form-field-name\" class=\"elementor-field-label\">\n\t\t\t\t\t\t\t\tVoornaam\t\t\t\t\t\t\t<\/label>\n\t\t\t\t\t\t\t\t\t\t\t\t\t\t<input size=\"1\" type=\"text\" name=\"form_fields[name]\" id=\"form-field-name\" class=\"elementor-field elementor-size-sm  elementor-field-textual\" placeholder=\"Voornaam\" required=\"required\">\n\t\t\t\t\t\t\t\t\t\t\t<\/div>\n\t\t\t\t\t\t\t\t<div class=\"elementor-field-type-email elementor-field-group elementor-column elementor-field-group-email elementor-col-50 elementor-field-required elementor-mark-required\">\n\t\t\t\t\t\t\t\t\t\t\t\t<label for=\"form-field-email\" class=\"elementor-field-label\">\n\t\t\t\t\t\t\t\tE-mail\t\t\t\t\t\t\t<\/label>\n\t\t\t\t\t\t\t\t\t\t\t\t\t\t<input size=\"1\" type=\"email\" name=\"form_fields[email]\" id=\"form-field-email\" class=\"elementor-field elementor-size-sm  elementor-field-textual\" placeholder=\"E-mail\" required=\"required\">\n\t\t\t\t\t\t\t\t\t\t\t<\/div>\n\t\t\t\t\t\t\t\t<div class=\"elementor-field-type-tel elementor-field-group elementor-column elementor-field-group-field_102f048 elementor-col-50\">\n\t\t\t\t\t\t\t\t\t\t\t\t<label for=\"form-field-field_102f048\" class=\"elementor-field-label\">\n\t\t\t\t\t\t\t\tTelefoon\t\t\t\t\t\t\t<\/label>\n\t\t\t\t\t\t\t\t<input size=\"1\" type=\"tel\" name=\"form_fields[field_102f048]\" id=\"form-field-field_102f048\" class=\"elementor-field elementor-size-sm  elementor-field-textual\" placeholder=\"Telefoon\" pattern=\"[0-9()#&amp;+*-=.]+\" title=\"Alleen nummers en telefoontekens (#, -, *, enz.) worden geaccepteerd.\">\n\n\t\t\t\t\t\t<\/div>\n\t\t\t\t\t\t\t\t<div class=\"elementor-field-type-textarea elementor-field-group elementor-column elementor-field-group-message elementor-col-100 elementor-field-required elementor-mark-required\">\n\t\t\t\t\t\t\t\t\t\t\t\t<label for=\"form-field-message\" class=\"elementor-field-label\">\n\t\t\t\t\t\t\t\tBericht\t\t\t\t\t\t\t<\/label>\n\t\t\t\t\t\t<textarea class=\"elementor-field-textual elementor-field  elementor-size-sm\" name=\"form_fields[message]\" id=\"form-field-message\" rows=\"4\" placeholder=\"Bericht\" required=\"required\"><\/textarea>\t\t\t\t<\/div>\n\t\t\t\t\t\t\t\t<div class=\"elementor-field-type-recaptcha elementor-field-group elementor-column elementor-field-group-field_4e8706b elementor-col-100\">\n\t\t\t\t\t<div class=\"elementor-field\" id=\"form-field-field_4e8706b\"><div class=\"elementor-g-recaptcha\" data-sitekey=\"6LeMh8YhAAAAAOO0HraTAomvMx8HeWfGy-poDl5E\" data-type=\"v2_checkbox\" data-theme=\"light\" data-size=\"normal\"><\/div><\/div>\t\t\t\t<\/div>\n\t\t\t\t\t\t\t\t<div class=\"elementor-field-type-text\">\n\t\t\t\t\t<input size=\"1\" type=\"text\" name=\"form_fields[field_1847b2d]\" id=\"form-field-field_1847b2d\" class=\"elementor-field elementor-size-sm \" style=\"display:none !important;\">\t\t\t\t<\/div>\n\t\t\t\t\t\t\t\t<div class=\"elementor-field-group elementor-column elementor-field-type-submit elementor-col-100 e-form__buttons\">\n\t\t\t\t\t<button class=\"elementor-button elementor-size-sm\" type=\"submit\">\n\t\t\t\t\t\t<span class=\"elementor-button-content-wrapper\">\n\t\t\t\t\t\t\t\t\t\t\t\t\t\t\t\t\t\t\t\t\t\t<span class=\"elementor-button-text\">Stuur<\/span>\n\t\t\t\t\t\t\t\t\t\t\t\t\t<\/span>\n\t\t\t\t\t<\/button>\n\t\t\t\t<\/div>\n\t\t\t<\/div>\n\t\t<\/form>\n\t\t\t\t\t\t<\/div>\n\t\t\t\t<\/div>\n\t\t\t\t\t<\/div>\n\t\t<\/div>\n\t\t\t\t<div class=\"elementor-column elementor-col-50 elementor-top-column elementor-element elementor-element-3a8ac64\" data-id=\"3a8ac64\" data-element_type=\"column\" data-e-type=\"column\" data-settings=\"{&quot;_ob_bbad_is_stalker&quot;:&quot;no&quot;,&quot;_ob_teleporter_use&quot;:false,&quot;_ob_column_hoveranimator&quot;:&quot;no&quot;,&quot;_ob_column_has_pseudo&quot;:&quot;no&quot;}\">\n\t\t\t<div class=\"elementor-widget-wrap elementor-element-populated\">\n\t\t\t\t\t\t<div class=\"elementor-element elementor-element-d166c7a ob-harakiri-inherit ob-has-background-overlay elementor-widget elementor-widget-text-editor\" data-id=\"d166c7a\" data-element_type=\"widget\" data-e-type=\"widget\" data-settings=\"{&quot;_ob_use_harakiri&quot;:&quot;yes&quot;,&quot;_ob_harakiri_writing_mode&quot;:&quot;inherit&quot;,&quot;_ob_postman_use&quot;:&quot;no&quot;,&quot;_ob_perspektive_use&quot;:&quot;no&quot;,&quot;_ob_poopart_use&quot;:&quot;yes&quot;,&quot;_ob_shadough_use&quot;:&quot;no&quot;,&quot;_ob_allow_hoveranimator&quot;:&quot;no&quot;,&quot;_ob_widget_stalker_use&quot;:&quot;no&quot;}\" data-widget_type=\"text-editor.default\">\n\t\t\t\t<div class=\"elementor-widget-container\">\n\t\t\t\t\t\t\t\t\t<h3><strong><span style=\"color: #808000;\">Neem 7\/7 contact met me op via Whatsapp<\/span><\/strong><\/h3><p><img decoding=\"async\" class=\"wp-image-5662 aligncenter\" src=\"https:\/\/leclosducerf.com\/wp-content\/uploads\/2023\/07\/logo-intagram-300x298.jpg\" alt=\"\" width=\"169\" height=\"168\" srcset=\"https:\/\/leclosducerf.com\/wp-content\/uploads\/2023\/07\/logo-intagram-300x298.jpg 300w, https:\/\/leclosducerf.com\/wp-content\/uploads\/2023\/07\/logo-intagram-150x150.jpg 150w, https:\/\/leclosducerf.com\/wp-content\/uploads\/2023\/07\/logo-intagram.jpg 398w\" sizes=\"(max-width: 169px) 100vw, 169px\" \/><\/p><h1 style=\"text-align: center;\"><span style=\"color: #808000;\"><strong>+32 (0) 478 93 23 56<\/strong><\/span><\/h1><p style=\"text-align: center;\"><span style=\"color: #808000;\"><span style=\"color: #333333;\">Ruy 53, 4987 Stoumont &#8211; Belgi\u00eb Hoogte: 316 meter<\/span><strong><br \/><\/strong><\/span><\/p><div><span style=\"color: #808000;\"><strong>E40\/E42<\/strong><\/span><\/div><div><span style=\"color: #808000;\"><strong>RICHTING VERVIERS\/SPA<\/strong><\/span><\/div><div><span style=\"color: #ff6600;\"><strong><span style=\"color: #808000;\">Afrit 10 &#8211; Francorchamps<\/span><\/strong><\/span><\/div><div>\u00a0<\/div><div>Rij door Francorchamps, langs de kwekerij Godefroid, sla dan rechtsaf richting het gehucht Neuville en kom in Ruy.<\/div><div>Van Luik: 45 minuten<\/div><div>Vanuit Brussel &#8211; neem de A3: 1u45<\/div><div>\u00a0<\/div><div><span style=\"color: #808000;\"><strong>E25<\/strong><\/span><\/div><div><span style=\"color: #808000;\"><strong>RICHTING LUXEMBURG<\/strong><\/span><\/div><div><span style=\"color: #808000;\"><strong>Afrit 46 &#8211; Remouchamps<\/strong><\/span><\/div><div>\u00a0<\/div><div>U komt door Sougn\u00e9-Remouchamps, Desni\u00e9, Spa, route de B\u00e9rinzenne, le Rosier, Andrimont en Ruy.<\/div><div>Van Luik: 1 uur<\/div>\t\t\t\t\t\t\t\t<\/div>\n\t\t\t\t<\/div>\n\t\t\t\t<div class=\"elementor-element elementor-element-dfab154 ob-has-background-overlay elementor-widget elementor-widget-image\" data-id=\"dfab154\" data-element_type=\"widget\" data-e-type=\"widget\" data-settings=\"{&quot;_ob_photomorph_use&quot;:&quot;no&quot;,&quot;_ob_perspektive_use&quot;:&quot;no&quot;,&quot;_ob_poopart_use&quot;:&quot;yes&quot;,&quot;_ob_shadough_use&quot;:&quot;no&quot;,&quot;_ob_allow_hoveranimator&quot;:&quot;no&quot;,&quot;_ob_widget_stalker_use&quot;:&quot;no&quot;}\" data-widget_type=\"image.default\">\n\t\t\t\t<div class=\"elementor-widget-container\">\n\t\t\t\t\t\t\t\t\t\t\t\t\t\t\t<img loading=\"lazy\" decoding=\"async\" width=\"468\" height=\"312\" src=\"https:\/\/leclosducerf.com\/wp-content\/uploads\/2023\/02\/map-localisation-itineraire.jpg\" class=\"attachment-large size-large wp-image-3386\" alt=\"\" srcset=\"https:\/\/leclosducerf.com\/wp-content\/uploads\/2023\/02\/map-localisation-itineraire.jpg 468w, https:\/\/leclosducerf.com\/wp-content\/uploads\/2023\/02\/map-localisation-itineraire-300x200.jpg 300w\" sizes=\"(max-width: 468px) 100vw, 468px\" \/>\t\t\t\t\t\t\t\t\t\t\t\t\t\t\t<\/div>\n\t\t\t\t<\/div>\n\t\t\t\t<div class=\"elementor-element elementor-element-a16dddc ob-has-background-overlay elementor-widget elementor-widget-button\" data-id=\"a16dddc\" data-element_type=\"widget\" data-e-type=\"widget\" data-settings=\"{&quot;_ob_butterbutton_use_it&quot;:&quot;no&quot;,&quot;_ob_perspektive_use&quot;:&quot;no&quot;,&quot;_ob_poopart_use&quot;:&quot;yes&quot;,&quot;_ob_shadough_use&quot;:&quot;no&quot;,&quot;_ob_allow_hoveranimator&quot;:&quot;no&quot;,&quot;_ob_widget_stalker_use&quot;:&quot;no&quot;}\" data-widget_type=\"button.default\">\n\t\t\t\t<div class=\"elementor-widget-container\">\n\t\t\t\t\t\t\t\t\t<div class=\"elementor-button-wrapper\">\n\t\t\t\t\t<a class=\"elementor-button elementor-button-link elementor-size-sm\" href=\"https:\/\/fr.viamichelin.be\/\" target=\"_blank\">\n\t\t\t\t\t\t<span class=\"elementor-button-content-wrapper\">\n\t\t\t\t\t\t<span class=\"elementor-button-icon\">\n\t\t\t\t<i aria-hidden=\"true\" class=\"fas fa-long-arrow-alt-right\"><\/i>\t\t\t<\/span>\n\t\t\t\t\t\t\t\t\t<span class=\"elementor-button-text\">Bereken uw route<\/span>\n\t\t\t\t\t<\/span>\n\t\t\t\t\t<\/a>\n\t\t\t\t<\/div>\n\t\t\t\t\t\t\t\t<\/div>\n\t\t\t\t<\/div>\n\t\t\t\t\t<\/div>\n\t\t<\/div>\n\t\t\t\t\t<\/div>\n\t\t<\/section>\n\t\t\t\t<\/div>\n\t\t","protected":false},"excerpt":{"rendered":"<p>CADEAUBON \/ ROUTEBESCHRIJVING \/ KAART \u00a0 Laten we samen je verrassingen organiserenverjaardagstaarten, ballonnen, bloemen Nog vragen ? Neem 7\/7 contact met me op via Whatsapp +32 (0) 478 93 23 56 Ruy 53, 4987 Stoumont &#8211; Belgi\u00eb Hoogte: 316 meter E40\/E42RICHTING VERVIERS\/SPAAfrit 10 &#8211; Francorchamps\u00a0Rij door Francorchamps, langs de kwekerij Godefroid, sla dan rechtsaf richting [&hellip;]<\/p>\n","protected":false},"author":1,"featured_media":0,"parent":0,"menu_order":0,"comment_status":"closed","ping_status":"closed","template":"elementor_header_footer","meta":{"_seopress_robots_primary_cat":"","_seopress_titles_title":"","_seopress_titles_desc":"","_seopress_robots_index":"","footnotes":""},"class_list":["post-616","page","type-page","status-publish","hentry"],"_links":{"self":[{"href":"https:\/\/leclosducerf.com\/nl\/wp-json\/wp\/v2\/pages\/616","targetHints":{"allow":["GET"]}}],"collection":[{"href":"https:\/\/leclosducerf.com\/nl\/wp-json\/wp\/v2\/pages"}],"about":[{"href":"https:\/\/leclosducerf.com\/nl\/wp-json\/wp\/v2\/types\/page"}],"author":[{"embeddable":true,"href":"https:\/\/leclosducerf.com\/nl\/wp-json\/wp\/v2\/users\/1"}],"replies":[{"embeddable":true,"href":"https:\/\/leclosducerf.com\/nl\/wp-json\/wp\/v2\/comments?post=616"}],"version-history":[{"count":6,"href":"https:\/\/leclosducerf.com\/nl\/wp-json\/wp\/v2\/pages\/616\/revisions"}],"predecessor-version":[{"id":8318,"href":"https:\/\/leclosducerf.com\/nl\/wp-json\/wp\/v2\/pages\/616\/revisions\/8318"}],"wp:attachment":[{"href":"https:\/\/leclosducerf.com\/nl\/wp-json\/wp\/v2\/media?parent=616"}],"curies":[{"name":"wp","href":"https:\/\/api.w.org\/{rel}","templated":true}]}}